{"id":7891,"date":"2020-06-05T13:58:57","date_gmt":"2020-06-05T09:58:57","guid":{"rendered":"https:\/\/beachhousesmauritius.com\/a-propos\/"},"modified":"2026-04-15T20:19:35","modified_gmt":"2026-04-15T16:19:35","slug":"a-propos","status":"publish","type":"page","link":"https:\/\/beachhousesmauritius.com\/fr\/a-propos\/","title":{"rendered":"Qui sommes-nous ?"},"content":{"rendered":"\t\t<div data-elementor-type=\"wp-page\" data-elementor-id=\"7891\" class=\"elementor elementor-7891 elementor-7470\" data-elementor-post-type=\"page\">\n\t\t\t\t\t\t<section class=\"elementor-section elementor-top-section elementor-element elementor-element-c35f56f elementor-section-full_width elementor-section-height-min-height elementor-section-height-default elementor-section-items-middle\" data-id=\"c35f56f\" data-element_type=\"section\" data-e-type=\"section\" data-settings=\"{&quot;background_background&quot;:&quot;classic&quot;}\">\n\t\t\t\t\t\t\t<div class=\"elementor-background-overlay\"><\/div>\n\t\t\t\t\t\t\t<div class=\"elementor-container elementor-column-gap-default\">\n\t\t\t\t\t<div class=\"elementor-column elementor-col-100 elementor-top-column elementor-element elementor-element-bcd6cb8\" data-id=\"bcd6cb8\" data-element_type=\"column\" data-e-type=\"column\">\n\t\t\t<div class=\"elementor-widget-wrap elementor-element-populated\">\n\t\t\t\t\t\t<div class=\"elementor-element elementor-element-8267899 elementor-widget elementor-widget-heading\" data-id=\"8267899\" data-element_type=\"widget\" data-e-type=\"widget\" data-widget_type=\"heading.default\">\n\t\t\t\t\t<h2 class=\"elementor-heading-title elementor-size-default\">Qui sommes-nous ?<\/h2>\t\t\t\t<\/div>\n\t\t\t\t\t<\/div>\n\t\t<\/div>\n\t\t\t\t\t<\/div>\n\t\t<\/section>\n\t\t<div class=\"elementor-element elementor-element-302a7fd e-flex e-con-boxed e-con e-parent\" data-id=\"302a7fd\" data-element_type=\"container\" data-e-type=\"container\" data-settings=\"{&quot;background_background&quot;:&quot;classic&quot;}\">\n\t\t\t\t\t<div class=\"e-con-inner\">\n\t\t<div class=\"elementor-element elementor-element-a3d2d33 e-con-full e-flex e-con e-child\" data-id=\"a3d2d33\" data-element_type=\"container\" data-e-type=\"container\">\n\t\t\t\t<div class=\"elementor-element elementor-element-47b764c elementor-widget elementor-widget-text-editor\" data-id=\"47b764c\" data-element_type=\"widget\" data-e-type=\"widget\" data-widget_type=\"text-editor.default\">\n\t\t\t\t\t\t\t\t\t<p><a href=\"https:\/\/beachhousesmauritius.com\/fr\/\"><strong>BeachHouses<\/strong><\/a> est une plateforme de r\u00e9servation de locations de vacances g\u00e9r\u00e9e par Beach House Rental Ltd (Seychelles).<\/p><p>Nous facilitons la d\u00e9couverte et la r\u00e9servation d\u2019h\u00e9bergements uniques en bord de mer sur les \u00eeles de l\u2019oc\u00e9an Indien. <br>Nous travaillons directement avec des propri\u00e9taires et des partenaires locaux de confiance, afin que vous soyez pris en charge d\u00e8s votre arriv\u00e9e et tout au long de votre s\u00e9jour.<\/p><p>Nous facilitons les r\u00e9servations, mais l&rsquo;exp\u00e9rience d&rsquo;h\u00e9bergement elle-m\u00eame est g\u00e9r\u00e9e par le propri\u00e9taire et le coordinateur local des h\u00f4tes sur place.<\/p><p>Nous parlons l&rsquo;<strong>anglais, l&rsquo;allemand <\/strong>et le <strong>fran\u00e7ais - et nous r\u00e9pondons aux questions :D.<\/strong><\/p><p>Faites-nous part de vos attentes : <a href=\"mailto:Info@BeachHousesMauritius.com\">Info@BeachHousesMauritius.com<\/a><\/p><p>Le service personnalis\u00e9 est au c\u0153ur de notre action - pas une grande plateforme.  <br>Il s&rsquo;agit simplement de personnes qui connaissent bien ces maisons de plage.<\/p><p> <\/p><p> <\/p><p><strong>Informations juridiques \/ <\/strong><strong>IMPRESSUM<\/strong><\/p><p>Beach House Rental Ltd<\/p><p>Proton Building, Providence,<br>Mah\u00e9, R\u00e9publique des Seychelles<br>Num\u00e9ro de licence : 107542<\/p>\t\t\t\t\t\t\t\t<\/div>\n\t\t\t\t<\/div>\n\t\t<div class=\"elementor-element elementor-element-d40e198 e-con-full bhm-sidebar-container e-flex e-con e-child\" data-id=\"d40e198\" data-element_type=\"container\" data-e-type=\"container\" data-settings=\"{&quot;background_background&quot;:&quot;classic&quot;}\">\n\t\t\t\t<div class=\"elementor-element elementor-element-30d80c0 elementor-widget elementor-widget-sidebar\" data-id=\"30d80c0\" data-element_type=\"widget\" data-e-type=\"widget\" data-widget_type=\"sidebar.default\">\n\t\t\t\t\t<li id=\"block-9\" class=\"widget widget_block\">\n<h2 class=\"wp-block-heading\">Recherche de villas<\/h2>\n<\/li>\n<li id=\"block-10\" class=\"widget widget_block widget_search\"><form role=\"search\" method=\"get\" action=\"https:\/\/beachhousesmauritius.com\/fr\/\" class=\"wp-block-search__button-outside wp-block-search__text-button wp-block-search\"    ><label class=\"wp-block-search__label\" for=\"wp-block-search__input-1\" >Recherche<\/label><div class=\"wp-block-search__inside-wrapper\" ><input class=\"wp-block-search__input\" id=\"wp-block-search__input-1\" placeholder=\"\" value=\"\" type=\"search\" name=\"s\" required \/><button aria-label=\"Recherche\" class=\"wp-block-search__button wp-element-button\" type=\"submit\" >Recherche<\/button><\/div><\/form><\/li>\n<li id=\"block-7\" class=\"widget widget_block\">\n<h2 class=\"wp-block-heading\">Envoyer une demande<\/h2>\n<\/li>\n<li id=\"block-8\" class=\"widget widget_block\"><div class=\"mphb_sc_search-wrapper \">\n<form method=\"GET\" class=\"mphb_sc_search-form\" action=\"https:\/\/beachhousesmauritius.com\/fr\/recherche\/\" data-first_available_check_in_date=\"2026-04-25\">\n\n\t<p class = \"mphb-required-fields-tip\">\n\t<small>\n\t\tLes champs obligatoires sont suivis de\t\t<abbr title=\"required\">*<\/abbr>\n\t<\/small>\n<\/p>\n\n\t<p class=\"mphb_sc_search-check-in-date\">\n\t\t<label for=\"mphb_check_in_date-mphb-search-form-69e36704d891d\">\n\t\t\tArriv\u00e9e\t\t\t<abbr title=\"Format\u00e9 comme dd\/mm\/yyyy\">*<\/abbr>\n\t\t<\/label>\n\t\t<br \/>\n\t\t<input\n\t\t\tid=\"mphb_check_in_date-mphb-search-form-69e36704d891d\"\n\t\t\tdata-datepick-group=\"mphb-search-form-69e36704d891d\"\n\t\t\tvalue=\"\"\n\t\t\tplaceholder=\"Date d&#039;arriv\u00e9e\"\n\t\t\trequired=\"required\"\n\t\t\ttype=\"text\"\n\t\t\tinputmode=\"none\"\n\t\t\tname=\"mphb_check_in_date\"\n\t\t\tclass=\"mphb-datepick\"\n\t\t\tautocomplete=\"off\"\n\t\t\t\/>\n\t<\/p>\n\n\t<p class=\"mphb_sc_search-check-out-date\">\n\t\t<label for=\"mphb_check_out_date-mphb-search-form-69e36704d891d\">\n\t\t\tD\u00e9part\t\t\t<abbr title=\"Format\u00e9 comme dd\/mm\/yyyy\">*<\/abbr>\n\t\t<\/label>\n\t\t<br \/>\n\t\t<input\n\t\t\tid=\"mphb_check_out_date-mphb-search-form-69e36704d891d\"\n\t\t\tdata-datepick-group=\"mphb-search-form-69e36704d891d\"\n\t\t\tvalue=\"\"\n\t\t\tplaceholder=\"Date de d\u00e9part\"\n\t\t\trequired=\"required\"\n\t\t\ttype=\"text\"\n\t\t\tinputmode=\"none\"\n\t\t\tname=\"mphb_check_out_date\"\n\t\t\tclass=\"mphb-datepick\"\n\t\t\tautocomplete=\"off\"\n\t\t\t\/>\n\t<\/p>\n\n\t\t\t<p class=\"mphb_sc_search-adults\">\n\t\t\t<label for=\"mphb_adults-mphb-search-form-69e36704d891d\">\n\t\t\t\tAdultes\t\t\t<\/label>\n\t\t\t<br \/>\n\t\t\t<select id=\"mphb_adults-mphb-search-form-69e36704d891d\" name=\"mphb_adults\" >\n\t\t\t\t\t\t\t\t\t<option value=\"1\"  selected='selected'>1<\/option>\n\t\t\t\t\t\t\t\t\t<option value=\"2\" >2<\/option>\n\t\t\t\t\t\t\t\t\t<option value=\"3\" >3<\/option>\n\t\t\t\t\t\t\t\t\t<option value=\"4\" >4<\/option>\n\t\t\t\t\t\t\t\t\t<option value=\"5\" >5<\/option>\n\t\t\t\t\t\t\t\t\t<option value=\"6\" >6<\/option>\n\t\t\t\t\t\t\t\t\t<option value=\"7\" >7<\/option>\n\t\t\t\t\t\t\t\t\t<option value=\"8\" >8<\/option>\n\t\t\t\t\t\t\t\t\t<option value=\"9\" >9<\/option>\n\t\t\t\t\t\t\t\t\t<option value=\"10\" >10<\/option>\n\t\t\t\t\t\t\t\t\t<option value=\"11\" >11<\/option>\n\t\t\t\t\t\t\t\t\t<option value=\"12\" >12<\/option>\n\t\t\t\t\t\t\t\t\t<option value=\"13\" >13<\/option>\n\t\t\t\t\t\t\t\t\t<option value=\"14\" >14<\/option>\n\t\t\t\t\t\t\t\t\t<option value=\"15\" >15<\/option>\n\t\t\t\t\t\t\t<\/select>\n\t\t<\/p>\n\t\n\t\t\t<p class=\"mphb_sc_search-children\">\n\t\t\t<label for=\"mphb_children-mphb-search-form-69e36704d891d\">\n\t\t\t\tEnfants (plus de 2 ans et moins de 12 ans) \t\t\t<\/label>\n\t\t\t<br \/>\n\t\t\t<select id=\"mphb_children-mphb-search-form-69e36704d891d\" name=\"mphb_children\">\n\t\t\t\t\t\t\t\t\t<option value=\"0\"  selected='selected'>0<\/option>\n\t\t\t\t\t\t\t\t\t<option value=\"1\" >1<\/option>\n\t\t\t\t\t\t\t\t\t<option value=\"2\" >2<\/option>\n\t\t\t\t\t\t\t\t\t<option value=\"3\" >3<\/option>\n\t\t\t\t\t\t\t\t\t<option value=\"4\" >4<\/option>\n\t\t\t\t\t\t\t\t\t<option value=\"5\" >5<\/option>\n\t\t\t\t\t\t\t\t\t<option value=\"6\" >6<\/option>\n\t\t\t\t\t\t\t\t\t<option value=\"7\" >7<\/option>\n\t\t\t\t\t\t\t\t\t<option value=\"8\" >8<\/option>\n\t\t\t\t\t\t\t\t\t<option value=\"9\" >9<\/option>\n\t\t\t\t\t\t\t<\/select>\n\t\t<\/p>\n\t\n\t\n\t\n\t<input id=\"mphb_check_in_date-mphb-search-form-69e36704d891d-hidden\" value=\"\" type=\"hidden\" name=\"mphb_check_in_date\" \/><input id=\"mphb_check_out_date-mphb-search-form-69e36704d891d-hidden\" value=\"\" type=\"hidden\" name=\"mphb_check_out_date\" \/>\n\t<p class=\"mphb_sc_search-submit-button-wrapper\">\n\t\t<input type=\"submit\" class=\"button\" value=\"Chercher\"\/>\n\t<\/p>\n\n\t\n<\/form>\n<\/div><\/li>\n<li id=\"block-11\" class=\"widget widget_block\">\n<h2 class=\"wp-block-heading\">Tags<\/h2>\n<\/li>\n<li id=\"block-12\" class=\"widget widget_block widget_tag_cloud\"><p class=\"wp-block-tag-cloud\"><a href=\"https:\/\/beachhousesmauritius.com\/fr\/accommodation-tag\/adapte-aux-fauteuils-roulants-fr\/\" class=\"tag-cloud-link tag-link-248 tag-link-position-1\" style=\"font-size: 8.1pt;\" aria-label=\"adapt\u00e9 aux fauteuils roulants (2 \u00e9l\u00e9ments)\">adapt\u00e9 aux fauteuils roulants<\/a>\n<a href=\"https:\/\/beachhousesmauritius.com\/fr\/accommodation-tag\/bord-de-mer-tranquille-fr\/\" class=\"tag-cloud-link tag-link-247 tag-link-position-2\" style=\"font-size: 8.1pt;\" aria-label=\"Bord de mer tranquille (8 \u00e9l\u00e9ments)\">Bord de mer tranquille<\/a>\n<a href=\"https:\/\/beachhousesmauritius.com\/fr\/accommodation-tag\/golf-a-proximite-fre\/\" class=\"tag-cloud-link tag-link-294 tag-link-position-3\" style=\"font-size: 8.1pt;\" aria-label=\"Golf \u00e0 proximit\u00e9 (10 \u00e9l\u00e9ments)\">Golf \u00e0 proximit\u00e9<\/a>\n<a href=\"https:\/\/beachhousesmauritius.com\/fr\/accommodation-tag\/jardin-tropical-tranquille-fr\/\" class=\"tag-cloud-link tag-link-297 tag-link-position-4\" style=\"font-size: 8.1pt;\" aria-label=\"jardin tropical tranquille (6 \u00e9l\u00e9ments)\">jardin tropical tranquille<\/a>\n<a href=\"https:\/\/beachhousesmauritius.com\/fr\/accommodation-tag\/la-plage-animee-fr\/\" class=\"tag-cloud-link tag-link-296 tag-link-position-5\" style=\"font-size: 8.1pt;\" aria-label=\"la plage anim\u00e9e (10 \u00e9l\u00e9ments)\">la plage anim\u00e9e<\/a>\n<a href=\"https:\/\/beachhousesmauritius.com\/fr\/accommodation-tag\/location-de-voiture-recommandee-fr\/\" class=\"tag-cloud-link tag-link-292 tag-link-position-6\" style=\"font-size: 8.1pt;\" aria-label=\"Location de voiture recommand\u00e9e (5 \u00e9l\u00e9ments)\">Location de voiture recommand\u00e9e<\/a>\n<a href=\"https:\/\/beachhousesmauritius.com\/fr\/accommodation-tag\/a-proximite-des-magasins-fr\/\" class=\"tag-cloud-link tag-link-299 tag-link-position-7\" style=\"font-size: 8.1pt;\" aria-label=\"\u00e0 proximit\u00e9 des magasins (13 \u00e9l\u00e9ments)\">\u00e0 proximit\u00e9 des magasins<\/a><\/p><\/li>\n<li id=\"block-13\" class=\"widget widget_block\">\n<h2 class=\"wp-block-heading\">News<\/h2>\n<\/li>\n<li id=\"block-14\" class=\"widget widget_block widget_recent_entries\"><ul class=\"wp-block-latest-posts__list wp-block-latest-posts\"><li><a class=\"wp-block-latest-posts__post-title\" href=\"https:\/\/beachhousesmauritius.com\/fr\/connaitre-lile-maurice\/\">Conna\u00eetre l&rsquo;\u00eele Maurice<\/a><\/li>\n<li><a class=\"wp-block-latest-posts__post-title\" href=\"https:\/\/beachhousesmauritius.com\/fr\/vous-planifiez-une-reunion-de-famille-ou-une-escapade-entre-amis-decouvrez-nos-combinaisons-dhebergement-ideales\/\">Vous planifiez une r\u00e9union de famille ou une escapade entre amis ? D\u00e9couvrez NOS COMBINAISONS D\u2019H\u00c9BERGEMENT ID\u00c9ALES<\/a><\/li>\n<li><a class=\"wp-block-latest-posts__post-title\" href=\"https:\/\/beachhousesmauritius.com\/fr\/%f0%9f%8f%96%ef%b8%8f-disponibilites-actuelles-%f0%9f%8c%9f-vous-recherchez-lescapade-parfaite-a-lile-maurice-consultez-nos-disponibilites-mises-a-jour\/\">\ud83c\udf1f Vous r\u00eavez de l&rsquo;\u00eele Maurice sans vous ruiner ? Consultez nos offres sp\u00e9ciales<\/a><\/li>\n<\/ul><\/li>\n\t\t\t\t<\/div>\n\t\t\t\t<\/div>\n\t\t\t\t\t<\/div>\n\t\t\t\t<\/div>\n\t\t\t\t<\/div>\n\t\t","protected":false},"excerpt":{"rendered":"<p>BeachHouses est une plateforme de r\u00e9servation de locations de vacances g\u00e9r\u00e9e par Beach House Rental Ltd (Seychelles). Nous facilitons la d\u00e9couverte et la r\u00e9servation d\u2019h\u00e9bergements uniques en bord de mer sur les \u00eeles de l\u2019oc\u00e9an Indien. Nous travaillons directement avec des propri\u00e9taires et des partenaires locaux de confiance, afin que vous soyez pris en charge [&hellip;]<\/p>\n","protected":false},"author":1,"featured_media":202,"parent":0,"menu_order":0,"comment_status":"closed","ping_status":"closed","template":"","meta":{"_acf_changed":false,"inline_featured_image":false,"footnotes":""},"class_list":["post-7891","page","type-page","status-publish","has-post-thumbnail","hentry"],"acf":[],"_links":{"self":[{"href":"https:\/\/beachhousesmauritius.com\/fr\/wp-json\/wp\/v2\/pages\/7891","targetHints":{"allow":["GET"]}}],"collection":[{"href":"https:\/\/beachhousesmauritius.com\/fr\/wp-json\/wp\/v2\/pages"}],"about":[{"href":"https:\/\/beachhousesmauritius.com\/fr\/wp-json\/wp\/v2\/types\/page"}],"author":[{"embeddable":true,"href":"https:\/\/beachhousesmauritius.com\/fr\/wp-json\/wp\/v2\/users\/1"}],"replies":[{"embeddable":true,"href":"https:\/\/beachhousesmauritius.com\/fr\/wp-json\/wp\/v2\/comments?post=7891"}],"version-history":[{"count":8,"href":"https:\/\/beachhousesmauritius.com\/fr\/wp-json\/wp\/v2\/pages\/7891\/revisions"}],"predecessor-version":[{"id":206939,"href":"https:\/\/beachhousesmauritius.com\/fr\/wp-json\/wp\/v2\/pages\/7891\/revisions\/206939"}],"wp:featuredmedia":[{"embeddable":true,"href":"https:\/\/beachhousesmauritius.com\/fr\/wp-json\/wp\/v2\/media\/202"}],"wp:attachment":[{"href":"https:\/\/beachhousesmauritius.com\/fr\/wp-json\/wp\/v2\/media?parent=7891"}],"curies":[{"name":"wp","href":"https:\/\/api.w.org\/{rel}","templated":true}]}}