{"id":7889,"date":"2020-05-18T10:34:41","date_gmt":"2020-05-18T09:34:41","guid":{"rendered":"https:\/\/beachhousesmauritius.com\/avis\/"},"modified":"2026-02-22T15:08:38","modified_gmt":"2026-02-22T15:08:38","slug":"avis","status":"publish","type":"page","link":"https:\/\/beachhousesmauritius.com\/fr\/good-to-know\/avis\/","title":{"rendered":"Ce que nos invit\u00e9s disent"},"content":{"rendered":"\t\t<div data-elementor-type=\"wp-page\" data-elementor-id=\"7889\" class=\"elementor elementor-7889 elementor-7215\" data-elementor-post-type=\"page\">\n\t\t\t\t\t\t<section class=\"elementor-section elementor-top-section elementor-element elementor-element-13a16fd elementor-section-boxed elementor-section-height-default elementor-section-height-default\" data-id=\"13a16fd\" data-element_type=\"section\" data-e-type=\"section\">\n\t\t\t\t\t\t<div class=\"elementor-container elementor-column-gap-default\">\n\t\t\t\t\t<div class=\"elementor-column elementor-col-100 elementor-top-column elementor-element elementor-element-dbca1be\" data-id=\"dbca1be\" data-element_type=\"column\" data-e-type=\"column\">\n\t\t\t<div class=\"elementor-widget-wrap elementor-element-populated\">\n\t\t\t\t\t\t<div class=\"elementor-element elementor-element-9213eeb elementor-widget elementor-widget-shortcode\" data-id=\"9213eeb\" data-element_type=\"widget\" data-e-type=\"widget\" data-widget_type=\"shortcode.default\">\n\t\t\t\t\t\t\t<div class=\"elementor-shortcode\"><div class=\"mphb_sc_accommodation_reviews-wrapper comments-area mphb-reviews\" data-accommodation-id=\"all\">        <ol class=\"comment-list mphbr-reviews-list \">\r\n            \t\t<li id=\"comment-17086\" class=\"mphbr_review even thread-even depth-1 comment\">\n\t\t\t<article id=\"div-comment-17086\" class=\"comment-body\">\n\t\t\t\t<footer class=\"comment-meta\">\n\t\t\t\t\t<div class=\"comment-author vcard\">\n\t\t\t\t\t\t<img alt='' src='https:\/\/secure.gravatar.com\/avatar\/727142ae81d222da9f1e6aa78e0a5cf5f100b98878c6c748b3c24fcd79ba9b36?s=64&#038;d=mm&#038;r=g' srcset='https:\/\/secure.gravatar.com\/avatar\/727142ae81d222da9f1e6aa78e0a5cf5f100b98878c6c748b3c24fcd79ba9b36?s=128&#038;d=mm&#038;r=g 2x' class='avatar avatar-64 photo' height='64' width='64' \/>\t\t\t\t\t\t<b class=\"fn\">Ana\u00efs<\/b> <span class=\"says\">dit\u00a0:<\/span>\t\t\t\t\t<\/div><!-- .comment-author -->\n\n\t\t\t\t\t<div class=\"comment-metadata\">\n\t\t\t\t\t\t<a href=\"https:\/\/beachhousesmauritius.com\/fr\/accommodation\/villa-le-couchant-1-black-river-2\/#comment-17086\"><time datetime=\"2025-01-03T11:21:40+04:00\">3 janvier 2025 \u00e0 11h21<\/time><\/a>\t\t\t\t\t<\/div><!-- .comment-metadata -->\n\n\t\t\t\t\t\t\t\t\t<\/footer><!-- .comment-meta -->\n\n\t\t\t\t<div class=\"comment-content\">\n\t\t\t\t\t<div class=\"mphbr-review-wrapper\">\n<div class=\"mphbr-comment-excerpt\">\n<p>Tr\u00e8s belle villa, spacieuse et lumineuse. Elle est bien \u00e9quip\u00e9e et confortable. Nous sommes une famille de 7 adultes et avons beaucoup appr\u00e9ci\u00e9 nos vacances les pieds dans l&rsquo;&hellip; <a href=\"#\" class=\"mphbr-expand-comment-text\">Read more<\/a><\/p>\n<\/div>\n<div class=\"mphbr-comment-full-text\" style=\"display: none;\">\n<p>Tr\u00e8s belle villa, spacieuse et lumineuse. Elle est bien \u00e9quip\u00e9e et confortable. Nous sommes une famille de 7 adultes et avons beaucoup appr\u00e9ci\u00e9 nos vacances les pieds dans l&rsquo;eau. Nous recommandons fortement la villa si vous souhaitez \u00eatre au calme, loin de l&rsquo;euphorie touristique du nord de l&rsquo;\u00eele. Les couchers de soleil sont magnifiques !<\/p>\n<\/div>\n<\/div>\n\t\t\t\t<\/div><!-- .comment-content -->\n\n\t\t\t\t\t\t\t<\/article><!-- .comment-body -->\n\t\t<\/li><!-- #comment-## -->\n\t\t<li id=\"comment-17057\" class=\"mphbr_review odd alt thread-odd thread-alt depth-1 comment\">\n\t\t\t<article id=\"div-comment-17057\" class=\"comment-body\">\n\t\t\t\t<footer class=\"comment-meta\">\n\t\t\t\t\t<div class=\"comment-author vcard\">\n\t\t\t\t\t\t<img alt='' src='https:\/\/secure.gravatar.com\/avatar\/5e949f239c08ab943bb1d095a43188bde14f70fdc4c1e3369545aedfd662bd99?s=64&#038;d=mm&#038;r=g' srcset='https:\/\/secure.gravatar.com\/avatar\/5e949f239c08ab943bb1d095a43188bde14f70fdc4c1e3369545aedfd662bd99?s=128&#038;d=mm&#038;r=g 2x' class='avatar avatar-64 photo' height='64' width='64' \/>\t\t\t\t\t\t<b class=\"fn\">Fabrice C<\/b> <span class=\"says\">dit\u00a0:<\/span>\t\t\t\t\t<\/div><!-- .comment-author -->\n\n\t\t\t\t\t<div class=\"comment-metadata\">\n\t\t\t\t\t\t<a href=\"https:\/\/beachhousesmauritius.com\/fr\/accommodation\/villa-le-couchant-1-black-river-2\/#comment-17057\"><time datetime=\"2025-10-10T12:33:47+04:00\">10 octobre 2025 \u00e0 12h33<\/time><\/a>\t\t\t\t\t<\/div><!-- .comment-metadata -->\n\n\t\t\t\t\t\t\t\t\t<\/footer><!-- .comment-meta -->\n\n\t\t\t\t<div class=\"comment-content\">\n\t\t\t\t\t<div class=\"mphbr-review-wrapper\">\n<div class=\"mphbr-comment-excerpt\">\n<p>\ufeff\ufeffOn ne peut vraiment pas r\u00eaver mieux ! \ud83d\ude0d<\/p>\n<p>La maison est superbe et son environnement tout simplement magnifique \ud83c\udf34 \ud83c\udf1eOn se sent d\u00e9j\u00e0 tr\u00e8s bien ici, tout est parfait.<\/p>\n<p>Un grand m&hellip; <a href=\"#\" class=\"mphbr-expand-comment-text\">Read more<\/a><\/p>\n<\/div>\n<div class=\"mphbr-comment-full-text\" style=\"display: none;\">\n<p>\ufeff\ufeffOn ne peut vraiment pas r\u00eaver mieux ! \ud83d\ude0d<\/p>\n<p>La maison est superbe et son environnement tout simplement magnifique \ud83c\udf34 \ud83c\udf1eOn se sent d\u00e9j\u00e0 tr\u00e8s bien ici, tout est parfait.<\/p>\n<p>Un grand merci \u00e9galement pour les explications claires et l\u2019accueil de Zandra, vraiment au top \ud83d\ude4f<\/p>\n<p>Bien cordialement,<br \/>\nFabrice<\/p>\n<\/div>\n<\/div>\n\t\t\t\t<\/div><!-- .comment-content -->\n\n\t\t\t\t\t\t\t<\/article><!-- .comment-body -->\n\t\t<\/li><!-- #comment-## -->\n        <\/ol><!-- .comment-list -->\r\n        <\/div><\/div>\n\t\t\t\t\t\t<\/div>\n\t\t\t\t\t<\/div>\n\t\t<\/div>\n\t\t\t\t\t<\/div>\n\t\t<\/section>\n\t\t\t\t<\/div>\n\t\t","protected":false},"excerpt":{"rendered":"","protected":false},"author":1,"featured_media":0,"parent":4722,"menu_order":1,"comment_status":"closed","ping_status":"closed","template":"","meta":{"_acf_changed":false,"inline_featured_image":false,"footnotes":""},"class_list":["post-7889","page","type-page","status-publish","hentry"],"acf":[],"_links":{"self":[{"href":"https:\/\/beachhousesmauritius.com\/fr\/wp-json\/wp\/v2\/pages\/7889","targetHints":{"allow":["GET"]}}],"collection":[{"href":"https:\/\/beachhousesmauritius.com\/fr\/wp-json\/wp\/v2\/pages"}],"about":[{"href":"https:\/\/beachhousesmauritius.com\/fr\/wp-json\/wp\/v2\/types\/page"}],"author":[{"embeddable":true,"href":"https:\/\/beachhousesmauritius.com\/fr\/wp-json\/wp\/v2\/users\/1"}],"replies":[{"embeddable":true,"href":"https:\/\/beachhousesmauritius.com\/fr\/wp-json\/wp\/v2\/comments?post=7889"}],"version-history":[{"count":1,"href":"https:\/\/beachhousesmauritius.com\/fr\/wp-json\/wp\/v2\/pages\/7889\/revisions"}],"predecessor-version":[{"id":193329,"href":"https:\/\/beachhousesmauritius.com\/fr\/wp-json\/wp\/v2\/pages\/7889\/revisions\/193329"}],"up":[{"embeddable":true,"href":"https:\/\/beachhousesmauritius.com\/fr\/wp-json\/wp\/v2\/pages\/4722"}],"wp:attachment":[{"href":"https:\/\/beachhousesmauritius.com\/fr\/wp-json\/wp\/v2\/media?parent=7889"}],"curies":[{"name":"wp","href":"https:\/\/api.w.org\/{rel}","templated":true}]}}