{"id":7632,"date":"2018-06-12T12:01:23","date_gmt":"2018-06-12T11:01:23","guid":{"rendered":"https:\/\/beachhousesmauritius.com\/reservation-confirmee\/"},"modified":"2026-02-22T15:08:33","modified_gmt":"2026-02-22T15:08:33","slug":"reservation-confirmee","status":"publish","type":"page","link":"https:\/\/beachhousesmauritius.com\/fr\/reservation-confirmee\/","title":{"rendered":"R\u00e9servation confirm\u00e9e"},"content":{"rendered":"<p>Nous sommes heureux de vous informer que votre demande de r\u00e9servation a \u00e9t\u00e9 re\u00e7ue et confirm\u00e9e.<\/p>\n","protected":false},"excerpt":{"rendered":"<p>Nous sommes heureux de vous informer que votre demande de r\u00e9servation a \u00e9t\u00e9 re\u00e7ue et confirm\u00e9e.<\/p>\n","protected":false},"author":1,"featured_media":0,"parent":0,"menu_order":0,"comment_status":"closed","ping_status":"closed","template":"","meta":{"_acf_changed":false,"inline_featured_image":false,"footnotes":""},"class_list":["post-7632","page","type-page","status-publish","hentry"],"acf":[],"_links":{"self":[{"href":"https:\/\/beachhousesmauritius.com\/fr\/wp-json\/wp\/v2\/pages\/7632","targetHints":{"allow":["GET"]}}],"collection":[{"href":"https:\/\/beachhousesmauritius.com\/fr\/wp-json\/wp\/v2\/pages"}],"about":[{"href":"https:\/\/beachhousesmauritius.com\/fr\/wp-json\/wp\/v2\/types\/page"}],"author":[{"embeddable":true,"href":"https:\/\/beachhousesmauritius.com\/fr\/wp-json\/wp\/v2\/users\/1"}],"replies":[{"embeddable":true,"href":"https:\/\/beachhousesmauritius.com\/fr\/wp-json\/wp\/v2\/comments?post=7632"}],"version-history":[{"count":1,"href":"https:\/\/beachhousesmauritius.com\/fr\/wp-json\/wp\/v2\/pages\/7632\/revisions"}],"predecessor-version":[{"id":193268,"href":"https:\/\/beachhousesmauritius.com\/fr\/wp-json\/wp\/v2\/pages\/7632\/revisions\/193268"}],"wp:attachment":[{"href":"https:\/\/beachhousesmauritius.com\/fr\/wp-json\/wp\/v2\/media?parent=7632"}],"curies":[{"name":"wp","href":"https:\/\/api.w.org\/{rel}","templated":true}]}}