{"id":4803,"date":"2020-03-24T21:22:40","date_gmt":"2020-03-24T17:22:40","guid":{"rendered":"https:\/\/beachhousesmauritius.com\/promotion\/"},"modified":"2026-03-26T16:47:26","modified_gmt":"2026-03-26T12:47:26","slug":"promotion","status":"publish","type":"page","link":"https:\/\/beachhousesmauritius.com\/fr\/promotion\/","title":{"rendered":"OFFRES SP\u00c9CIALES"},"content":{"rendered":"\t\t<div data-elementor-type=\"wp-page\" data-elementor-id=\"4803\" class=\"elementor elementor-4803 elementor-4799\" wpc-filter-elementor-widget=\"1\" data-elementor-post-type=\"page\">\n\t\t\t\t\t\t<section class=\"elementor-section elementor-top-section elementor-element elementor-element-72d852f elementor-section-full_width elementor-section-height-min-height elementor-section-height-default elementor-section-items-middle\" data-id=\"72d852f\" data-element_type=\"section\" data-e-type=\"section\" data-settings=\"{&quot;background_background&quot;:&quot;classic&quot;}\">\n\t\t\t\t\t\t\t<div class=\"elementor-background-overlay\"><\/div>\n\t\t\t\t\t\t\t<div class=\"elementor-container elementor-column-gap-default\">\n\t\t\t\t\t<div class=\"elementor-column elementor-col-100 elementor-top-column elementor-element elementor-element-a4ae6a2\" data-id=\"a4ae6a2\" data-element_type=\"column\" data-e-type=\"column\">\n\t\t\t<div class=\"elementor-widget-wrap elementor-element-populated\">\n\t\t\t\t\t\t<div class=\"elementor-element elementor-element-aa9e06e elementor-widget elementor-widget-heading\" data-id=\"aa9e06e\" data-element_type=\"widget\" data-e-type=\"widget\" data-widget_type=\"heading.default\">\n\t\t\t\t\t<h2 class=\"elementor-heading-title elementor-size-default\">OFFRES SP\u00c9CIALES<\/h2>\t\t\t\t<\/div>\n\t\t\t\t\t<\/div>\n\t\t<\/div>\n\t\t\t\t\t<\/div>\n\t\t<\/section>\n\t\t<div class=\"elementor-element elementor-element-70e95c2 e-flex e-con-boxed e-con e-parent\" data-id=\"70e95c2\" data-element_type=\"container\" data-e-type=\"container\" data-settings=\"{&quot;background_background&quot;:&quot;classic&quot;}\">\n\t\t\t\t\t<div class=\"e-con-inner\">\n\t\t<div class=\"elementor-element elementor-element-0640c0d e-con-full e-flex e-con e-child\" data-id=\"0640c0d\" data-element_type=\"container\" data-e-type=\"container\">\n\t\t<div class=\"elementor-element elementor-element-b9c1ddb e-con-full e-flex e-con e-child\" data-id=\"b9c1ddb\" data-element_type=\"container\" data-e-type=\"container\">\n\t\t\t\t<div class=\"elementor-element elementor-element-493ee2a elementor-widget elementor-widget-heading\" data-id=\"493ee2a\" data-element_type=\"widget\" data-e-type=\"widget\" data-widget_type=\"heading.default\">\n\t\t\t\t\t<h2 class=\"elementor-heading-title elementor-size-default\">Nos villas actuellement en promotion<\/h2>\t\t\t\t<\/div>\n\t\t\t\t<div class=\"elementor-element elementor-element-df11e7d elementor-widget elementor-widget-mphbe-rooms\" data-id=\"df11e7d\" data-element_type=\"widget\" data-e-type=\"widget\" data-widget_type=\"mphbe-rooms.default\">\n\t\t\t\t<div class=\"elementor-widget-container\">\n\t\t\t\t\t<div class=\"mphb_sc_rooms-wrapper mphb-room-types bh-hp-properties bh-special-page-properties\">\n<div class=\"mphb-room-type post-202045 mphb_room_type type-mphb_room_type status-publish has-post-thumbnail mphb_room_type_category-contemporain-pieds-dans-leau-fr mphb_room_type_category-en-promotion-fr mphb_room_type_category-moderne-en-bord-de-mer mphb_room_type_category-piscine-privee-fr mphb_room_type_tag-a-proximite-des-magasins-fr mphb_room_type_tag-adapte-aux-fauteuils-roulants-fr mphb_room_type_tag-bord-de-mer-tranquille-fr mphb_room_type_facility-adapte-aux-fauteuils-roulants mphb_room_type_facility-pieds-dans-leau mphb-room-type-adults-6 mphb-room-type-children-0 has-taxes-and-fees\">\n\n\t\n\t\n\n\t<p class=\"post-thumbnail mphb-loop-room-thumbnail\">\n\t<a href=\"https:\/\/beachhousesmauritius.com\/fr\/accommodation\/pointe-dazur-b1-pereybere\/\">\n\t<img fetchpriority=\"high\" decoding=\"async\" width=\"1280\" height=\"960\" src=\"https:\/\/beachhousesmauritius.com\/wp-content\/uploads\/2021\/10\/IMG_0134.jpeg\" class=\"attachment-post-thumbnail size-post-thumbnail wp-post-image\" alt=\"Terrasse de la piscine priv\u00e9e de Pointe Azur\" srcset=\"https:\/\/beachhousesmauritius.com\/wp-content\/uploads\/2021\/10\/IMG_0134.jpeg 1280w, https:\/\/beachhousesmauritius.com\/wp-content\/uploads\/2021\/10\/IMG_0134-300x225.jpeg 300w, https:\/\/beachhousesmauritius.com\/wp-content\/uploads\/2021\/10\/IMG_0134-1024x768.jpeg 1024w, https:\/\/beachhousesmauritius.com\/wp-content\/uploads\/2021\/10\/IMG_0134-768x576.jpeg 768w\" sizes=\"(max-width: 1280px) 100vw, 1280px\" \/>\t<\/a>\n\n\t<\/p>\n\n<h2 class=\"mphb-room-type-title entry-title\">\n\n<a class=\"mphb-room-type-title\" href=\"https:\/\/beachhousesmauritius.com\/fr\/accommodation\/pointe-dazur-b1-pereybere\/\">Pointe d&rsquo;Azur B1 &#8211; Pereybere<\/a>\n\n<\/h2>\n<h3 class=\"mphb-room-type-details-title\">D\u00e9tails<\/h3><ul class=\"mphb-loop-room-type-attributes\">\n\n\n\t<li class=\"mphb-room-type-adults-capacity\"><span class=\"mphb-attribute-title mphb-adults-title\">Invit\u00e9s:<\/span><span class=\"mphb-attribute-value\">\n\t6\n\t<\/span><\/li>\n\t\n\n\t<li class=\"mphb-room-type-facilities\"><span class=\"mphb-attribute-title mphb-facilities-title\">\u00c9quipements :<\/span><span class=\"mphb-attribute-value\"> <span class=\"facility-adapte-aux-fauteuils-roulants\"><a href=\"https:\/\/beachhousesmauritius.com\/fr\/accommodation-facility\/adapte-aux-fauteuils-roulants\/\">Adapt\u00e9 aux fauteuils roulants<\/a><\/span>, <span class=\"facility-pieds-dans-leau\"><a href=\"https:\/\/beachhousesmauritius.com\/fr\/accommodation-facility\/pieds-dans-leau\/\">Pieds dans l'eau<\/a><\/span><\/span><\/li>\n\t\n\n\n\n\n\n\n\n\t<li class=\"mphb-room-type-categories\"><span class=\"mphb-attribute-title mphb-categories-title\">Cat\u00e9gories :<\/span><span class=\"mphb-attribute-value\"> <span class=\"category-contemporain-pieds-dans-leau-fr\"><a href=\"https:\/\/beachhousesmauritius.com\/fr\/accommodation-category\/contemporain-pieds-dans-leau-fr\/\">Contemporain pieds dans l\u2019eau<\/a><\/span>, <span class=\"category-en-promotion-fr\"><a href=\"https:\/\/beachhousesmauritius.com\/fr\/accommodation-category\/en-promotion-fr\/\">En promotion<\/a><\/span>, <span class=\"category-moderne-en-bord-de-mer\"><a href=\"https:\/\/beachhousesmauritius.com\/fr\/accommodation-category\/moderne-en-bord-de-mer\/\">Moderne en bord de mer<\/a><\/span>, <span class=\"category-piscine-privee-fr\"><a href=\"https:\/\/beachhousesmauritius.com\/fr\/accommodation-category\/piscine-privee-fr\/\">Piscine Priv\u00e9e<\/a><\/span><\/span><\/li>\n\t<li class=\"mphb-room-type-bedrooms mphb-room-type-custom-attribute\"><span class=\"mphb-attribute-title mphb-bedrooms-title\">Chambres:<\/span><span class=\"mphb-attribute-value\"> <span class=\"bedrooms-3\">3<\/span><\/span><\/li><li class=\"mphb-room-type-bathrooms mphb-room-type-custom-attribute\"><span class=\"mphb-attribute-title mphb-bathrooms-title\">Salles de bains:<\/span><span class=\"mphb-attribute-value\"> <span class=\"bathrooms-3\">3<\/span><\/span><\/li><li class=\"mphb-room-type-location mphb-room-type-custom-attribute\"><span class=\"mphb-attribute-title mphb-location-title\">Situation:<\/span><span class=\"mphb-attribute-value\"> <span class=\"location-nord\">Nord<\/span><\/span><\/li>\n<\/ul>\n\n\t<p class=\"mphb-regular-price\"><strong>Prix \u00e0 partir de:<\/strong>\n\t<span class=\"mphb-price\"><span class=\"mphb-currency\">&euro;<\/span>450<\/span> <span class=\"mphb-price-period\" title=\"Choisissez les dates pour voir les prix pertinents\">par nuit<\/span><span class=\"mphb-tax-information taxes-included\"> (+taxes et frais)<\/span>\n\t<\/p>\n\t\n\t\n<\/div>\n\n<div class=\"mphb-room-type post-204949 mphb_room_type type-mphb_room_type status-publish has-post-thumbnail mphb_room_type_category-contemporain-pieds-dans-leau-fr mphb_room_type_category-en-promotion-fr mphb_room_type_category-moderne-en-bord-de-mer mphb_room_type_category-piscine-privee-fr mphb_room_type_tag-a-proximite-des-magasins-fr mphb_room_type_tag-golf-a-proximite-fre mphb_room_type_tag-la-plage-animee-fr mphb-room-type-adults-8 mphb-room-type-children-0 has-taxes-and-fees\">\n\n\t\n\t\n\n\t<p class=\"post-thumbnail mphb-loop-room-thumbnail\">\n\t<a href=\"https:\/\/beachhousesmauritius.com\/fr\/accommodation\/villa-tacasita-pereybere-2\/\">\n\t<img decoding=\"async\" width=\"1000\" height=\"600\" src=\"https:\/\/beachhousesmauritius.com\/wp-content\/uploads\/2026\/03\/TACASI-25-of-45-1000x600-1.jpeg\" class=\"attachment-post-thumbnail size-post-thumbnail wp-post-image\" alt=\"\" srcset=\"https:\/\/beachhousesmauritius.com\/wp-content\/uploads\/2026\/03\/TACASI-25-of-45-1000x600-1.jpeg 1000w, https:\/\/beachhousesmauritius.com\/wp-content\/uploads\/2026\/03\/TACASI-25-of-45-1000x600-1-300x180.jpeg 300w, https:\/\/beachhousesmauritius.com\/wp-content\/uploads\/2026\/03\/TACASI-25-of-45-1000x600-1-768x461.jpeg 768w\" sizes=\"(max-width: 1000px) 100vw, 1000px\" \/>\t<\/a>\n\n\t<\/p>\n\n<h2 class=\"mphb-room-type-title entry-title\">\n\n<a class=\"mphb-room-type-title\" href=\"https:\/\/beachhousesmauritius.com\/fr\/accommodation\/villa-tacasita-pereybere-2\/\">Villa Tacasita &#8211; Pereybere<\/a>\n\n<\/h2>\n<h3 class=\"mphb-room-type-details-title\">D\u00e9tails<\/h3><ul class=\"mphb-loop-room-type-attributes\">\n\n\n\t<li class=\"mphb-room-type-adults-capacity\"><span class=\"mphb-attribute-title mphb-adults-title\">Invit\u00e9s:<\/span><span class=\"mphb-attribute-value\">\n\t8\n\t<\/span><\/li>\n\t\n\n\n\n\t<li class=\"mphb-room-type-view\"><span class=\"mphb-attribute-title mphb-view-title\">Vue :<\/span><span class=\"mphb-attribute-value\">\n\tVue du bord de mer\n\t<\/span><\/li>\n\t\n\n\n\n\n\n\t<li class=\"mphb-room-type-categories\"><span class=\"mphb-attribute-title mphb-categories-title\">Cat\u00e9gories :<\/span><span class=\"mphb-attribute-value\"> <span class=\"category-contemporain-pieds-dans-leau-fr\"><a href=\"https:\/\/beachhousesmauritius.com\/fr\/accommodation-category\/contemporain-pieds-dans-leau-fr\/\">Contemporain pieds dans l\u2019eau<\/a><\/span>, <span class=\"category-en-promotion-fr\"><a href=\"https:\/\/beachhousesmauritius.com\/fr\/accommodation-category\/en-promotion-fr\/\">En promotion<\/a><\/span>, <span class=\"category-moderne-en-bord-de-mer\"><a href=\"https:\/\/beachhousesmauritius.com\/fr\/accommodation-category\/moderne-en-bord-de-mer\/\">Moderne en bord de mer<\/a><\/span>, <span class=\"category-piscine-privee-fr\"><a href=\"https:\/\/beachhousesmauritius.com\/fr\/accommodation-category\/piscine-privee-fr\/\">Piscine Priv\u00e9e<\/a><\/span><\/span><\/li>\n\t<li class=\"mphb-room-type-bedrooms mphb-room-type-custom-attribute\"><span class=\"mphb-attribute-title mphb-bedrooms-title\">Chambres:<\/span><span class=\"mphb-attribute-value\"> <span class=\"bedrooms-4\">4<\/span><\/span><\/li><li class=\"mphb-room-type-bathrooms mphb-room-type-custom-attribute\"><span class=\"mphb-attribute-title mphb-bathrooms-title\">Salles de bains:<\/span><span class=\"mphb-attribute-value\"> <span class=\"bathrooms-3\">3<\/span><\/span><\/li><li class=\"mphb-room-type-location mphb-room-type-custom-attribute\"><span class=\"mphb-attribute-title mphb-location-title\">Situation:<\/span><span class=\"mphb-attribute-value\"> <span class=\"location-nord\">Nord<\/span><\/span><\/li>\n<\/ul>\n\n\t<p class=\"mphb-regular-price\"><strong>Prix \u00e0 partir de:<\/strong>\n\t<span class=\"mphb-price\"><span class=\"mphb-currency\">&euro;<\/span>500<\/span> <span class=\"mphb-price-period\" title=\"Choisissez les dates pour voir les prix pertinents\">par nuit<\/span><span class=\"mphb-tax-information taxes-included\"> (+taxes et frais)<\/span>\n\t<\/p>\n\t\n\t\n<\/div>\n<\/div>\t\t\t\t<\/div>\n\t\t\t\t<\/div>\n\t\t\t\t<\/div>\n\t\t\t\t<div class=\"elementor-element elementor-element-a7b97fb elementor-widget elementor-widget-text-editor\" data-id=\"a7b97fb\" data-element_type=\"widget\" data-e-type=\"widget\" data-widget_type=\"text-editor.default\">\n\t\t\t\t\t\t\t\t\t<h3 style=\"text-align: center;\">DERNIERE MINUTE<\/h3><p style=\"text-align: center;\">Si vous d\u00e9cidez de passer des vacances \u00e0 l&rsquo;\u00eele Maurice \u00e0 la derni\u00e8re minute, n&rsquo;h\u00e9sitez pas \u00e0 nous contacter pour obtenir une offre sp\u00e9ciale (2 semaines avant la date d&rsquo;arriv\u00e9e, non applicable \u00e0 toutes les villas).<\/p><h3 style=\"text-align: center;\">VOUS N&rsquo;AVEZ PAS TROUV\u00c9 CE QUE VOUS CHERCHIEZ ? &#8230;<\/h3><p style=\"text-align: center;\">cliquez sur le bouton <a href=\"mailto:info@BeachHousesMauritius.com\">E-Mail<\/a> et faites-nous le savoir !<\/p><h3 style=\"text-align: center;\">SP\u00c9CIAL LONG S\u00c9JOUR<\/h3><p style=\"text-align: center;\">SEJOURNEZ PLUS LONGTEMPS, PAYEZ MOINS &#8211; \u00e0 partir d&rsquo;un minimum de 22 nuits !<\/p><p style=\"text-align: center;\"><strong><a title=\"OFFRE SP\u00c9CIALE\" href=\"mailto:info@BeachHousesMauritius.com\">info@BeachHousesMauritius.com<\/a><\/strong><\/p><h2 style=\"text-align: left;\"> <\/h2>\t\t\t\t\t\t\t\t<\/div>\n\t\t\t\t<\/div>\n\t\t<div class=\"elementor-element elementor-element-ad817a8 e-con-full bhm-sidebar-container e-flex e-con e-child\" data-id=\"ad817a8\" data-element_type=\"container\" data-e-type=\"container\" data-settings=\"{&quot;background_background&quot;:&quot;classic&quot;}\">\n\t\t\t\t<div class=\"elementor-element elementor-element-415dd52 elementor-widget elementor-widget-sidebar\" data-id=\"415dd52\" data-element_type=\"widget\" data-e-type=\"widget\" data-widget_type=\"sidebar.default\">\n\t\t\t\t\t<li id=\"block-9\" class=\"widget widget_block\">\n<h2 class=\"wp-block-heading\">Search Villas<\/h2>\n<\/li>\n<li id=\"block-10\" class=\"widget widget_block widget_search\"><form role=\"search\" method=\"get\" action=\"https:\/\/beachhousesmauritius.com\/fr\/\" class=\"wp-block-search__button-outside wp-block-search__text-button wp-block-search\"    ><label class=\"wp-block-search__label\" for=\"wp-block-search__input-1\" >Search<\/label><div class=\"wp-block-search__inside-wrapper\" ><input class=\"wp-block-search__input\" id=\"wp-block-search__input-1\" placeholder=\"\" value=\"\" type=\"search\" name=\"s\" required \/><button aria-label=\"Search\" class=\"wp-block-search__button wp-element-button\" type=\"submit\" >Search<\/button><\/div><\/form><\/li>\n<li id=\"block-7\" class=\"widget widget_block\">\n<h2 class=\"wp-block-heading\">Send Request<\/h2>\n<\/li>\n<li id=\"block-8\" class=\"widget widget_block\"><div class=\"mphb_sc_search-wrapper \">\n<form method=\"GET\" class=\"mphb_sc_search-form\" action=\"https:\/\/beachhousesmauritius.com\/fr\/recherche\/\" data-first_available_check_in_date=\"2026-04-13\">\n\n\t<p class = \"mphb-required-fields-tip\">\n\t<small>\n\t\tLes champs obligatoires sont suivis de\t\t<abbr title=\"required\">*<\/abbr>\n\t<\/small>\n<\/p>\n\n\t<p class=\"mphb_sc_search-check-in-date\">\n\t\t<label for=\"mphb_check_in_date-mphb-search-form-69d2c30dd5bb8\">\n\t\t\tArriv\u00e9e\t\t\t<abbr title=\"Format\u00e9 comme dd\/mm\/yyyy\">*<\/abbr>\n\t\t<\/label>\n\t\t<br \/>\n\t\t<input\n\t\t\tid=\"mphb_check_in_date-mphb-search-form-69d2c30dd5bb8\"\n\t\t\tdata-datepick-group=\"mphb-search-form-69d2c30dd5bb8\"\n\t\t\tvalue=\"\"\n\t\t\tplaceholder=\"Date d&#039;arriv\u00e9e\"\n\t\t\trequired=\"required\"\n\t\t\ttype=\"text\"\n\t\t\tinputmode=\"none\"\n\t\t\tname=\"mphb_check_in_date\"\n\t\t\tclass=\"mphb-datepick\"\n\t\t\tautocomplete=\"off\"\n\t\t\t\/>\n\t<\/p>\n\n\t<p class=\"mphb_sc_search-check-out-date\">\n\t\t<label for=\"mphb_check_out_date-mphb-search-form-69d2c30dd5bb8\">\n\t\t\tD\u00e9part\t\t\t<abbr title=\"Format\u00e9 comme dd\/mm\/yyyy\">*<\/abbr>\n\t\t<\/label>\n\t\t<br \/>\n\t\t<input\n\t\t\tid=\"mphb_check_out_date-mphb-search-form-69d2c30dd5bb8\"\n\t\t\tdata-datepick-group=\"mphb-search-form-69d2c30dd5bb8\"\n\t\t\tvalue=\"\"\n\t\t\tplaceholder=\"Date de d\u00e9part\"\n\t\t\trequired=\"required\"\n\t\t\ttype=\"text\"\n\t\t\tinputmode=\"none\"\n\t\t\tname=\"mphb_check_out_date\"\n\t\t\tclass=\"mphb-datepick\"\n\t\t\tautocomplete=\"off\"\n\t\t\t\/>\n\t<\/p>\n\n\t\t\t<p class=\"mphb_sc_search-adults\">\n\t\t\t<label for=\"mphb_adults-mphb-search-form-69d2c30dd5bb8\">\n\t\t\t\tInvit\u00e9s\t\t\t<\/label>\n\t\t\t<br \/>\n\t\t\t<select id=\"mphb_adults-mphb-search-form-69d2c30dd5bb8\" name=\"mphb_adults\" >\n\t\t\t\t\t\t\t\t\t<option value=\"1\"  selected='selected'>1<\/option>\n\t\t\t\t\t\t\t\t\t<option value=\"2\" >2<\/option>\n\t\t\t\t\t\t\t\t\t<option value=\"3\" >3<\/option>\n\t\t\t\t\t\t\t\t\t<option value=\"4\" >4<\/option>\n\t\t\t\t\t\t\t\t\t<option value=\"5\" >5<\/option>\n\t\t\t\t\t\t\t\t\t<option value=\"6\" >6<\/option>\n\t\t\t\t\t\t\t\t\t<option value=\"7\" >7<\/option>\n\t\t\t\t\t\t\t\t\t<option value=\"8\" >8<\/option>\n\t\t\t\t\t\t\t\t\t<option value=\"9\" >9<\/option>\n\t\t\t\t\t\t\t\t\t<option value=\"10\" >10<\/option>\n\t\t\t\t\t\t\t\t\t<option value=\"11\" >11<\/option>\n\t\t\t\t\t\t\t\t\t<option value=\"12\" >12<\/option>\n\t\t\t\t\t\t\t\t\t<option value=\"13\" >13<\/option>\n\t\t\t\t\t\t\t\t\t<option value=\"14\" >14<\/option>\n\t\t\t\t\t\t\t\t\t<option value=\"15\" >15<\/option>\n\t\t\t\t\t\t\t<\/select>\n\t\t<\/p>\n\t\n\t\t\t<input type=\"hidden\" id=\"mphb_children-mphb-search-form-69d2c30dd5bb8\" name=\"mphb_children\" value=\"0\" \/>\n\t\n\t\n\t\n\t<input id=\"mphb_check_in_date-mphb-search-form-69d2c30dd5bb8-hidden\" value=\"\" type=\"hidden\" name=\"mphb_check_in_date\" \/><input id=\"mphb_check_out_date-mphb-search-form-69d2c30dd5bb8-hidden\" value=\"\" type=\"hidden\" name=\"mphb_check_out_date\" \/>\n\t<p class=\"mphb_sc_search-submit-button-wrapper\">\n\t\t<input type=\"submit\" class=\"button\" value=\"Chercher\"\/>\n\t<\/p>\n\n\t\n<\/form>\n<\/div><\/li>\n<li id=\"block-11\" class=\"widget widget_block\">\n<h2 class=\"wp-block-heading\">Tags<\/h2>\n<\/li>\n<li id=\"block-12\" class=\"widget widget_block widget_tag_cloud\"><p class=\"wp-block-tag-cloud\"><a href=\"https:\/\/beachhousesmauritius.com\/fr\/accommodation-tag\/adapte-aux-fauteuils-roulants-fr\/\" class=\"tag-cloud-link tag-link-248 tag-link-position-1\" style=\"font-size: 8.1pt;\" aria-label=\"adapt\u00e9 aux fauteuils roulants (2 \u00e9l\u00e9ments)\">adapt\u00e9 aux fauteuils roulants<\/a>\n<a href=\"https:\/\/beachhousesmauritius.com\/fr\/accommodation-tag\/bord-de-mer-tranquille-fr\/\" class=\"tag-cloud-link tag-link-247 tag-link-position-2\" style=\"font-size: 8.1pt;\" aria-label=\"Bord de mer tranquille (8 \u00e9l\u00e9ments)\">Bord de mer tranquille<\/a>\n<a href=\"https:\/\/beachhousesmauritius.com\/fr\/accommodation-tag\/golf-a-proximite-fre\/\" class=\"tag-cloud-link tag-link-294 tag-link-position-3\" style=\"font-size: 8.1pt;\" aria-label=\"Golf \u00e0 proximit\u00e9 (8 \u00e9l\u00e9ments)\">Golf \u00e0 proximit\u00e9<\/a>\n<a href=\"https:\/\/beachhousesmauritius.com\/fr\/accommodation-tag\/jardin-tropical-tranquille-fr\/\" class=\"tag-cloud-link tag-link-297 tag-link-position-4\" style=\"font-size: 8.1pt;\" aria-label=\"jardin tropical tranquille (6 \u00e9l\u00e9ments)\">jardin tropical tranquille<\/a>\n<a href=\"https:\/\/beachhousesmauritius.com\/fr\/accommodation-tag\/la-plage-animee-fr\/\" class=\"tag-cloud-link tag-link-296 tag-link-position-5\" style=\"font-size: 8.1pt;\" aria-label=\"la plage anim\u00e9e (8 \u00e9l\u00e9ments)\">la plage anim\u00e9e<\/a>\n<a href=\"https:\/\/beachhousesmauritius.com\/fr\/accommodation-tag\/location-de-voiture-recommandee-fr\/\" class=\"tag-cloud-link tag-link-292 tag-link-position-6\" style=\"font-size: 8.1pt;\" aria-label=\"Location de voiture recommand\u00e9e (4 \u00e9l\u00e9ments)\">Location de voiture recommand\u00e9e<\/a>\n<a href=\"https:\/\/beachhousesmauritius.com\/fr\/accommodation-tag\/a-proximite-des-magasins-fr\/\" class=\"tag-cloud-link tag-link-299 tag-link-position-7\" style=\"font-size: 8.1pt;\" aria-label=\"\u00e0 proximit\u00e9 des magasins (12 \u00e9l\u00e9ments)\">\u00e0 proximit\u00e9 des magasins<\/a><\/p><\/li>\n<li id=\"block-13\" class=\"widget widget_block\">\n<h2 class=\"wp-block-heading\">News<\/h2>\n<\/li>\n<li id=\"block-14\" class=\"widget widget_block widget_recent_entries\"><ul class=\"wp-block-latest-posts__list wp-block-latest-posts\"><li><a class=\"wp-block-latest-posts__post-title\" href=\"https:\/\/beachhousesmauritius.com\/fr\/%f0%9f%8f%96%ef%b8%8f-disponibilites-actuelles-%f0%9f%8c%9f-vous-recherchez-lescapade-parfaite-a-lile-maurice-consultez-nos-disponibilites-mises-a-jour\/\">\ud83c\udfd6\ufe0f Disponibilit\u00e9s actuelles \ud83c\udf1f Vous recherchez l\u2019escapade parfaite \u00e0 l\u2019\u00eele Maurice ? Consultez nos disponibilit\u00e9s mises \u00e0 jour<\/a><\/li>\n<\/ul><\/li>\n\t\t\t\t<\/div>\n\t\t\t\t<\/div>\n\t\t\t\t\t<\/div>\n\t\t\t\t<\/div>\n\t\t\t\t<\/div>\n\t\t","protected":false},"excerpt":{"rendered":"<p>Nos villas actuellement en promotion Pointe d&#8217;Azur B1 &#8211; Pereybere Details Guests: 6 Amenities: Beachfront, Wheelchair friendly Categories: Comfort Plus Beachfront, Modern Beachfront, On Special, Private pool Bedrooms: 3 Bathrooms: 3 Location: North Prices start at: &euro;450 per night (+taxes and fees) Villa Tacasita &#8211; Pereybere Details Guests: 8 View: Seaside View Categories: Comfort Plus [&hellip;]<\/p>\n","protected":false},"author":1,"featured_media":205143,"parent":0,"menu_order":0,"comment_status":"closed","ping_status":"closed","template":"elementor_theme","meta":{"_acf_changed":false,"inline_featured_image":false,"footnotes":""},"class_list":["post-4803","page","type-page","status-publish","has-post-thumbnail","hentry"],"acf":[],"_links":{"self":[{"href":"https:\/\/beachhousesmauritius.com\/fr\/wp-json\/wp\/v2\/pages\/4803","targetHints":{"allow":["GET"]}}],"collection":[{"href":"https:\/\/beachhousesmauritius.com\/fr\/wp-json\/wp\/v2\/pages"}],"about":[{"href":"https:\/\/beachhousesmauritius.com\/fr\/wp-json\/wp\/v2\/types\/page"}],"author":[{"embeddable":true,"href":"https:\/\/beachhousesmauritius.com\/fr\/wp-json\/wp\/v2\/users\/1"}],"replies":[{"embeddable":true,"href":"https:\/\/beachhousesmauritius.com\/fr\/wp-json\/wp\/v2\/comments?post=4803"}],"version-history":[{"count":9,"href":"https:\/\/beachhousesmauritius.com\/fr\/wp-json\/wp\/v2\/pages\/4803\/revisions"}],"predecessor-version":[{"id":206166,"href":"https:\/\/beachhousesmauritius.com\/fr\/wp-json\/wp\/v2\/pages\/4803\/revisions\/206166"}],"wp:featuredmedia":[{"embeddable":true,"href":"https:\/\/beachhousesmauritius.com\/fr\/wp-json\/wp\/v2\/media\/205143"}],"wp:attachment":[{"href":"https:\/\/beachhousesmauritius.com\/fr\/wp-json\/wp\/v2\/media?parent=4803"}],"curies":[{"name":"wp","href":"https:\/\/api.w.org\/{rel}","templated":true}]}}