{"id":207061,"date":"2018-06-12T12:00:56","date_gmt":"2018-06-12T08:00:56","guid":{"rendered":"https:\/\/beachhousesmauritius.com\/reservation-annulee\/"},"modified":"2018-06-12T12:00:56","modified_gmt":"2018-06-12T08:00:56","slug":"reservation-annulee","status":"publish","type":"page","link":"https:\/\/beachhousesmauritius.com\/fr\/reservation-annulee\/","title":{"rendered":"R\u00e9servation annul\u00e9e"},"content":{"rendered":"<p>Votre r\u00e9servation est annul\u00e9e.<\/p>\n","protected":false},"excerpt":{"rendered":"<p>Votre r\u00e9servation est annul\u00e9e.<\/p>\n","protected":false},"author":1,"featured_media":0,"parent":0,"menu_order":0,"comment_status":"closed","ping_status":"closed","template":"","meta":{"_acf_changed":false,"inline_featured_image":false,"footnotes":""},"class_list":["post-207061","page","type-page","status-publish","hentry"],"acf":[],"_links":{"self":[{"href":"https:\/\/beachhousesmauritius.com\/fr\/wp-json\/wp\/v2\/pages\/207061","targetHints":{"allow":["GET"]}}],"collection":[{"href":"https:\/\/beachhousesmauritius.com\/fr\/wp-json\/wp\/v2\/pages"}],"about":[{"href":"https:\/\/beachhousesmauritius.com\/fr\/wp-json\/wp\/v2\/types\/page"}],"author":[{"embeddable":true,"href":"https:\/\/beachhousesmauritius.com\/fr\/wp-json\/wp\/v2\/users\/1"}],"replies":[{"embeddable":true,"href":"https:\/\/beachhousesmauritius.com\/fr\/wp-json\/wp\/v2\/comments?post=207061"}],"version-history":[{"count":0,"href":"https:\/\/beachhousesmauritius.com\/fr\/wp-json\/wp\/v2\/pages\/207061\/revisions"}],"wp:attachment":[{"href":"https:\/\/beachhousesmauritius.com\/fr\/wp-json\/wp\/v2\/media?parent=207061"}],"curies":[{"name":"wp","href":"https:\/\/api.w.org\/{rel}","templated":true}]}}