{"id":10738,"date":"2020-09-07T06:13:20","date_gmt":"2020-09-07T06:13:20","guid":{"rendered":"https:\/\/beachhousesmauritius.com\/?page_id=10738"},"modified":"2026-03-19T08:39:25","modified_gmt":"2026-03-19T04:39:25","slug":"guestbook-review","status":"publish","type":"page","link":"https:\/\/beachhousesmauritius.com\/fr\/good-to-know\/guestbook-review\/","title":{"rendered":"Guestbook &#8211; Review"},"content":{"rendered":"\t\t<div data-elementor-type=\"wp-page\" data-elementor-id=\"10738\" class=\"elementor elementor-10738\" data-elementor-post-type=\"page\">\n\t\t\t\t\t\t<section class=\"elementor-section elementor-top-section elementor-element elementor-element-4bc4178 elementor-section-full_width elementor-section-height-min-height elementor-section-height-default elementor-section-items-middle\" data-id=\"4bc4178\" data-element_type=\"section\" data-e-type=\"section\" data-settings=\"{&quot;background_background&quot;:&quot;classic&quot;}\">\n\t\t\t\t\t\t\t<div class=\"elementor-background-overlay\"><\/div>\n\t\t\t\t\t\t\t<div class=\"elementor-container elementor-column-gap-default\">\n\t\t\t\t\t<div class=\"elementor-column elementor-col-100 elementor-top-column elementor-element elementor-element-948563b\" data-id=\"948563b\" data-element_type=\"column\" data-e-type=\"column\">\n\t\t\t<div class=\"elementor-widget-wrap elementor-element-populated\">\n\t\t\t\t\t\t<div class=\"elementor-element elementor-element-304f31b elementor-widget elementor-widget-heading\" data-id=\"304f31b\" data-element_type=\"widget\" data-e-type=\"widget\" data-widget_type=\"heading.default\">\n\t\t\t\t\t<h2 class=\"elementor-heading-title elementor-size-default\">Guestbook &#8211; Review<\/h2>\t\t\t\t<\/div>\n\t\t\t\t\t<\/div>\n\t\t<\/div>\n\t\t\t\t\t<\/div>\n\t\t<\/section>\n\t\t<div class=\"elementor-element elementor-element-89d9a2b e-flex e-con-boxed e-con e-parent\" data-id=\"89d9a2b\" data-element_type=\"container\" data-e-type=\"container\" data-settings=\"{&quot;background_background&quot;:&quot;classic&quot;}\">\n\t\t\t\t\t<div class=\"e-con-inner\">\n\t\t<div class=\"elementor-element elementor-element-2f94a2d e-con-full e-flex e-con e-child\" data-id=\"2f94a2d\" data-element_type=\"container\" data-e-type=\"container\">\n\t\t<div class=\"elementor-element elementor-element-83d2c1d e-con-full e-flex e-con e-child\" data-id=\"83d2c1d\" data-element_type=\"container\" data-e-type=\"container\">\n\t\t<div class=\"elementor-element elementor-element-265e638 e-con-full e-flex e-con e-child\" data-id=\"265e638\" data-element_type=\"container\" data-e-type=\"container\">\n\t\t\t\t<div class=\"elementor-element elementor-element-d54632b elementor-widget elementor-widget-heading\" data-id=\"d54632b\" data-element_type=\"widget\" data-e-type=\"widget\" data-widget_type=\"heading.default\">\n\t\t\t\t\t<h2 class=\"elementor-heading-title elementor-size-default\">GUEST GOSSIP \ud83d\ude0e\nOur Guest\u2019s Reviews<\/h2>\t\t\t\t<\/div>\n\t\t\t\t<div class=\"elementor-element elementor-element-56d9f13 elementor-widget elementor-widget-text-editor\" data-id=\"56d9f13\" data-element_type=\"widget\" data-e-type=\"widget\" data-widget_type=\"text-editor.default\">\n\t\t\t\t\t\t\t\t\t<script src=\"https:\/\/apps.elfsight.com\/p\/platform.js\" defer><\/script>\n<div class=\"elfsight-app-47c2f6b1-1c07-4a65-a925-d91a5e551295\"><\/div> \t\t\t\t\t\t\t\t<\/div>\n\t\t\t\t<\/div>\n\t\t\t\t<\/div>\n\t\t<div class=\"elementor-element elementor-element-c1ba55f e-con-full e-flex e-con e-child\" data-id=\"c1ba55f\" data-element_type=\"container\" data-e-type=\"container\">\n\t\t<div class=\"elementor-element elementor-element-c7c9951 e-con-full e-flex e-con e-child\" data-id=\"c7c9951\" data-element_type=\"container\" data-e-type=\"container\">\n\t\t\t\t<div class=\"elementor-element elementor-element-fe5a4f9 elementor-widget elementor-widget-text-editor\" data-id=\"fe5a4f9\" data-element_type=\"widget\" data-e-type=\"widget\" data-widget_type=\"text-editor.default\">\n\t\t\t\t\t\t\t\t\t<script src=\"https:\/\/apps.elfsight.com\/p\/platform.js\" defer><\/script>\n<div class=\"elfsight-app-b2250ed0-220e-4241-b2c5-381cfad3a1fd\"><\/div>\t\t\t\t\t\t\t\t<\/div>\n\t\t\t\t<\/div>\n\t\t\t\t<\/div>\n\t\t\t\t<\/div>\n\t\t<div class=\"elementor-element elementor-element-8e10009 e-con-full bhm-sidebar-container e-flex e-con e-child\" data-id=\"8e10009\" data-element_type=\"container\" data-e-type=\"container\" data-settings=\"{&quot;background_background&quot;:&quot;classic&quot;}\">\n\t\t\t\t<div class=\"elementor-element elementor-element-63992b1 elementor-widget elementor-widget-sidebar\" data-id=\"63992b1\" data-element_type=\"widget\" data-e-type=\"widget\" data-widget_type=\"sidebar.default\">\n\t\t\t\t\t<li id=\"block-9\" class=\"widget widget_block\">\n<h2 class=\"wp-block-heading\">Search Villas<\/h2>\n<\/li>\n<li id=\"block-10\" class=\"widget widget_block widget_search\"><form role=\"search\" method=\"get\" action=\"https:\/\/beachhousesmauritius.com\/fr\/\" class=\"wp-block-search__button-outside wp-block-search__text-button wp-block-search\"    ><label class=\"wp-block-search__label\" for=\"wp-block-search__input-1\" >Search<\/label><div class=\"wp-block-search__inside-wrapper\" ><input class=\"wp-block-search__input\" id=\"wp-block-search__input-1\" placeholder=\"\" value=\"\" type=\"search\" name=\"s\" required \/><button aria-label=\"Search\" class=\"wp-block-search__button wp-element-button\" type=\"submit\" >Search<\/button><\/div><\/form><\/li>\n<li id=\"block-7\" class=\"widget widget_block\">\n<h2 class=\"wp-block-heading\">Send Request<\/h2>\n<\/li>\n<li id=\"block-8\" class=\"widget widget_block\"><div class=\"mphb_sc_search-wrapper \">\n<form method=\"GET\" class=\"mphb_sc_search-form\" action=\"https:\/\/beachhousesmauritius.com\/fr\/recherche\/\" data-first_available_check_in_date=\"2026-04-22\">\n\n\t<p class = \"mphb-required-fields-tip\">\n\t<small>\n\t\tLes champs obligatoires sont suivis de\t\t<abbr title=\"required\">*<\/abbr>\n\t<\/small>\n<\/p>\n\n\t<p class=\"mphb_sc_search-check-in-date\">\n\t\t<label for=\"mphb_check_in_date-mphb-search-form-69def173396a1\">\n\t\t\tArriv\u00e9e\t\t\t<abbr title=\"Format\u00e9 comme dd\/mm\/yyyy\">*<\/abbr>\n\t\t<\/label>\n\t\t<br \/>\n\t\t<input\n\t\t\tid=\"mphb_check_in_date-mphb-search-form-69def173396a1\"\n\t\t\tdata-datepick-group=\"mphb-search-form-69def173396a1\"\n\t\t\tvalue=\"\"\n\t\t\tplaceholder=\"Date d&#039;arriv\u00e9e\"\n\t\t\trequired=\"required\"\n\t\t\ttype=\"text\"\n\t\t\tinputmode=\"none\"\n\t\t\tname=\"mphb_check_in_date\"\n\t\t\tclass=\"mphb-datepick\"\n\t\t\tautocomplete=\"off\"\n\t\t\t\/>\n\t<\/p>\n\n\t<p class=\"mphb_sc_search-check-out-date\">\n\t\t<label for=\"mphb_check_out_date-mphb-search-form-69def173396a1\">\n\t\t\tD\u00e9part\t\t\t<abbr title=\"Format\u00e9 comme dd\/mm\/yyyy\">*<\/abbr>\n\t\t<\/label>\n\t\t<br \/>\n\t\t<input\n\t\t\tid=\"mphb_check_out_date-mphb-search-form-69def173396a1\"\n\t\t\tdata-datepick-group=\"mphb-search-form-69def173396a1\"\n\t\t\tvalue=\"\"\n\t\t\tplaceholder=\"Date de d\u00e9part\"\n\t\t\trequired=\"required\"\n\t\t\ttype=\"text\"\n\t\t\tinputmode=\"none\"\n\t\t\tname=\"mphb_check_out_date\"\n\t\t\tclass=\"mphb-datepick\"\n\t\t\tautocomplete=\"off\"\n\t\t\t\/>\n\t<\/p>\n\n\t\t\t<p class=\"mphb_sc_search-adults\">\n\t\t\t<label for=\"mphb_adults-mphb-search-form-69def173396a1\">\n\t\t\t\tInvit\u00e9s\t\t\t<\/label>\n\t\t\t<br \/>\n\t\t\t<select id=\"mphb_adults-mphb-search-form-69def173396a1\" name=\"mphb_adults\" >\n\t\t\t\t\t\t\t\t\t<option value=\"1\"  selected='selected'>1<\/option>\n\t\t\t\t\t\t\t\t\t<option value=\"2\" >2<\/option>\n\t\t\t\t\t\t\t\t\t<option value=\"3\" >3<\/option>\n\t\t\t\t\t\t\t\t\t<option value=\"4\" >4<\/option>\n\t\t\t\t\t\t\t\t\t<option value=\"5\" >5<\/option>\n\t\t\t\t\t\t\t\t\t<option value=\"6\" >6<\/option>\n\t\t\t\t\t\t\t\t\t<option value=\"7\" >7<\/option>\n\t\t\t\t\t\t\t\t\t<option value=\"8\" >8<\/option>\n\t\t\t\t\t\t\t\t\t<option value=\"9\" >9<\/option>\n\t\t\t\t\t\t\t\t\t<option value=\"10\" >10<\/option>\n\t\t\t\t\t\t\t\t\t<option value=\"11\" >11<\/option>\n\t\t\t\t\t\t\t\t\t<option value=\"12\" >12<\/option>\n\t\t\t\t\t\t\t\t\t<option value=\"13\" >13<\/option>\n\t\t\t\t\t\t\t\t\t<option value=\"14\" >14<\/option>\n\t\t\t\t\t\t\t\t\t<option value=\"15\" >15<\/option>\n\t\t\t\t\t\t\t<\/select>\n\t\t<\/p>\n\t\n\t\t\t<input type=\"hidden\" id=\"mphb_children-mphb-search-form-69def173396a1\" name=\"mphb_children\" value=\"0\" \/>\n\t\n\t\n\t\n\t<input id=\"mphb_check_in_date-mphb-search-form-69def173396a1-hidden\" value=\"\" type=\"hidden\" name=\"mphb_check_in_date\" \/><input id=\"mphb_check_out_date-mphb-search-form-69def173396a1-hidden\" value=\"\" type=\"hidden\" name=\"mphb_check_out_date\" \/>\n\t<p class=\"mphb_sc_search-submit-button-wrapper\">\n\t\t<input type=\"submit\" class=\"button\" value=\"Chercher\"\/>\n\t<\/p>\n\n\t\n<\/form>\n<\/div><\/li>\n<li id=\"block-11\" class=\"widget widget_block\">\n<h2 class=\"wp-block-heading\">Tags<\/h2>\n<\/li>\n<li id=\"block-12\" class=\"widget widget_block widget_tag_cloud\"><p class=\"wp-block-tag-cloud\"><a href=\"https:\/\/beachhousesmauritius.com\/fr\/accommodation-tag\/adapte-aux-fauteuils-roulants-fr\/\" class=\"tag-cloud-link tag-link-248 tag-link-position-1\" style=\"font-size: 8.1pt;\" aria-label=\"adapt\u00e9 aux fauteuils roulants (2 \u00e9l\u00e9ments)\">adapt\u00e9 aux fauteuils roulants<\/a>\n<a href=\"https:\/\/beachhousesmauritius.com\/fr\/accommodation-tag\/bord-de-mer-tranquille-fr\/\" class=\"tag-cloud-link tag-link-247 tag-link-position-2\" style=\"font-size: 8.1pt;\" aria-label=\"Bord de mer tranquille (8 \u00e9l\u00e9ments)\">Bord de mer tranquille<\/a>\n<a href=\"https:\/\/beachhousesmauritius.com\/fr\/accommodation-tag\/golf-a-proximite-fre\/\" class=\"tag-cloud-link tag-link-294 tag-link-position-3\" style=\"font-size: 8.1pt;\" aria-label=\"Golf \u00e0 proximit\u00e9 (10 \u00e9l\u00e9ments)\">Golf \u00e0 proximit\u00e9<\/a>\n<a href=\"https:\/\/beachhousesmauritius.com\/fr\/accommodation-tag\/jardin-tropical-tranquille-fr\/\" class=\"tag-cloud-link tag-link-297 tag-link-position-4\" style=\"font-size: 8.1pt;\" aria-label=\"jardin tropical tranquille (6 \u00e9l\u00e9ments)\">jardin tropical tranquille<\/a>\n<a href=\"https:\/\/beachhousesmauritius.com\/fr\/accommodation-tag\/la-plage-animee-fr\/\" class=\"tag-cloud-link tag-link-296 tag-link-position-5\" style=\"font-size: 8.1pt;\" aria-label=\"la plage anim\u00e9e (10 \u00e9l\u00e9ments)\">la plage anim\u00e9e<\/a>\n<a href=\"https:\/\/beachhousesmauritius.com\/fr\/accommodation-tag\/location-de-voiture-recommandee-fr\/\" class=\"tag-cloud-link tag-link-292 tag-link-position-6\" style=\"font-size: 8.1pt;\" aria-label=\"Location de voiture recommand\u00e9e (5 \u00e9l\u00e9ments)\">Location de voiture recommand\u00e9e<\/a>\n<a href=\"https:\/\/beachhousesmauritius.com\/fr\/accommodation-tag\/a-proximite-des-magasins-fr\/\" class=\"tag-cloud-link tag-link-299 tag-link-position-7\" style=\"font-size: 8.1pt;\" aria-label=\"\u00e0 proximit\u00e9 des magasins (13 \u00e9l\u00e9ments)\">\u00e0 proximit\u00e9 des magasins<\/a><\/p><\/li>\n<li id=\"block-13\" class=\"widget widget_block\">\n<h2 class=\"wp-block-heading\">News<\/h2>\n<\/li>\n<li id=\"block-14\" class=\"widget widget_block widget_recent_entries\"><ul class=\"wp-block-latest-posts__list wp-block-latest-posts\"><li><a class=\"wp-block-latest-posts__post-title\" href=\"https:\/\/beachhousesmauritius.com\/fr\/%f0%9f%8f%96%ef%b8%8f-disponibilites-actuelles-%f0%9f%8c%9f-vous-recherchez-lescapade-parfaite-a-lile-maurice-consultez-nos-disponibilites-mises-a-jour\/\">\ud83c\udfd6\ufe0f Disponibilit\u00e9s actuelles \ud83c\udf1f Vous recherchez l\u2019escapade parfaite \u00e0 l\u2019\u00eele Maurice ? Consultez nos disponibilit\u00e9s mises \u00e0 jour<\/a><\/li>\n<\/ul><\/li>\n\t\t\t\t<\/div>\n\t\t\t\t<\/div>\n\t\t\t\t\t<\/div>\n\t\t\t\t<\/div>\n\t\t\t\t<\/div>\n\t\t","protected":false},"excerpt":{"rendered":"<p>GUEST GOSSIP \ud83d\ude0e Our Guest\u2019s Reviews<\/p>\n","protected":false},"author":1,"featured_media":59,"parent":1182,"menu_order":0,"comment_status":"closed","ping_status":"closed","template":"","meta":{"_acf_changed":false,"inline_featured_image":false,"footnotes":""},"class_list":["post-10738","page","type-page","status-publish","has-post-thumbnail","hentry"],"acf":[],"_links":{"self":[{"href":"https:\/\/beachhousesmauritius.com\/fr\/wp-json\/wp\/v2\/pages\/10738","targetHints":{"allow":["GET"]}}],"collection":[{"href":"https:\/\/beachhousesmauritius.com\/fr\/wp-json\/wp\/v2\/pages"}],"about":[{"href":"https:\/\/beachhousesmauritius.com\/fr\/wp-json\/wp\/v2\/types\/page"}],"author":[{"embeddable":true,"href":"https:\/\/beachhousesmauritius.com\/fr\/wp-json\/wp\/v2\/users\/1"}],"replies":[{"embeddable":true,"href":"https:\/\/beachhousesmauritius.com\/fr\/wp-json\/wp\/v2\/comments?post=10738"}],"version-history":[{"count":16,"href":"https:\/\/beachhousesmauritius.com\/fr\/wp-json\/wp\/v2\/pages\/10738\/revisions"}],"predecessor-version":[{"id":204855,"href":"https:\/\/beachhousesmauritius.com\/fr\/wp-json\/wp\/v2\/pages\/10738\/revisions\/204855"}],"up":[{"embeddable":true,"href":"https:\/\/beachhousesmauritius.com\/fr\/wp-json\/wp\/v2\/pages\/1182"}],"wp:featuredmedia":[{"embeddable":true,"href":"https:\/\/beachhousesmauritius.com\/fr\/wp-json\/wp\/v2\/media\/59"}],"wp:attachment":[{"href":"https:\/\/beachhousesmauritius.com\/fr\/wp-json\/wp\/v2\/media?parent=10738"}],"curies":[{"name":"wp","href":"https:\/\/api.w.org\/{rel}","templated":true}]}}