{"id":7877,"date":"2020-06-05T13:58:57","date_gmt":"2020-06-05T09:58:57","guid":{"rendered":"https:\/\/beachhousesmauritius.com\/ueber-uns\/"},"modified":"2026-03-21T15:31:22","modified_gmt":"2026-03-21T11:31:22","slug":"ueber-uns","status":"publish","type":"page","link":"https:\/\/beachhousesmauritius.com\/de\/ueber-uns\/","title":{"rendered":"Wer wir sind"},"content":{"rendered":"\t\t<div data-elementor-type=\"wp-page\" data-elementor-id=\"7877\" class=\"elementor elementor-7877 elementor-7470\" wpc-filter-elementor-widget=\"1\" data-elementor-post-type=\"page\">\n\t\t\t\t\t\t<section class=\"elementor-section elementor-top-section elementor-element elementor-element-c35f56f elementor-section-full_width elementor-section-height-min-height elementor-section-height-default elementor-section-items-middle\" data-id=\"c35f56f\" data-element_type=\"section\" data-e-type=\"section\" data-settings=\"{&quot;background_background&quot;:&quot;classic&quot;}\">\n\t\t\t\t\t\t\t<div class=\"elementor-background-overlay\"><\/div>\n\t\t\t\t\t\t\t<div class=\"elementor-container elementor-column-gap-default\">\n\t\t\t\t\t<div class=\"elementor-column elementor-col-100 elementor-top-column elementor-element elementor-element-bcd6cb8\" data-id=\"bcd6cb8\" data-element_type=\"column\" data-e-type=\"column\">\n\t\t\t<div class=\"elementor-widget-wrap elementor-element-populated\">\n\t\t\t\t\t\t<div class=\"elementor-element elementor-element-8267899 elementor-widget elementor-widget-heading\" data-id=\"8267899\" data-element_type=\"widget\" data-e-type=\"widget\" data-widget_type=\"heading.default\">\n\t\t\t\t\t<h2 class=\"elementor-heading-title elementor-size-default\">Wer wir sind<\/h2>\t\t\t\t<\/div>\n\t\t\t\t\t<\/div>\n\t\t<\/div>\n\t\t\t\t\t<\/div>\n\t\t<\/section>\n\t\t<div class=\"elementor-element elementor-element-302a7fd e-flex e-con-boxed e-con e-parent\" data-id=\"302a7fd\" data-element_type=\"container\" data-e-type=\"container\" data-settings=\"{&quot;background_background&quot;:&quot;classic&quot;}\">\n\t\t\t\t\t<div class=\"e-con-inner\">\n\t\t<div class=\"elementor-element elementor-element-a3d2d33 e-con-full e-flex e-con e-child\" data-id=\"a3d2d33\" data-element_type=\"container\" data-e-type=\"container\">\n\t\t\t\t<div class=\"elementor-element elementor-element-47b764c elementor-widget elementor-widget-text-editor\" data-id=\"47b764c\" data-element_type=\"widget\" data-e-type=\"widget\" data-widget_type=\"text-editor.default\">\n\t\t\t\t\t\t\t\t\t<p><a href=\"https:\/\/beachhousesmauritius.com\/de\/\"><strong>BeachHouses<\/strong><\/a> ist eine von Beach House Rental Ltd (Seychellen) betriebene Buchungsplattform f\u00fcr Ferienunterk\u00fcnfte.<\/p><p>Mit uns buchen Sie private Ferienh\u00e4user direkt am Strand, alle in der Region des Indischen Ozeans. <br>Wir arbeiten direkt mit den Eigent\u00fcmern und vertrauensw\u00fcrdigen Partnern vor Ort zusammen, so dass Sie von Ihrer Ankunft an und w\u00e4hrend Ihres gesamten Aufenthalts bestens betreut werden.<\/p><p>Wir betreuen Ihre Buchung, das Ferienhaus selbst wird vom Eigent\u00fcmer und unserem lokalen G\u00e4stekoordinator vor Ort organisiert.<\/p><p>Wir sprechen <strong>ENGLISCH, DEUTSCH <\/strong>und <strong>FRANZ\u00d6SISCH &#8211; und wir antworten tats\u00e4chlich \ud83d\ude00<\/strong>.<\/p><p>Wie stellen Sie sich ihr Ferienhaus vor, was ist f\u00fcr Sie wichtig: <a href=\"mailto:Info@BeachHousesMauritius.com\">Info@BeachHousesMauritius.com<\/a><\/p><p>Pers\u00f6nlicher Service steht bei uns im Mittelpunkt \u2013 keine gro\u00dfe Plattform. <br>Sondern Menschen, die diese Strandh\u00e4user wirklich kennen.<\/p><p> <\/p><p> <\/p><p><strong>Rechtliche Informationen \/ <\/strong><strong>IMPRESSUM<\/strong><\/p><p>Beach House Rental Ltd<\/p><p>Proton Building, Providence,<br>Mah\u00e9, Republik Seychellen<br>Lizenznummer : 107542<\/p>\t\t\t\t\t\t\t\t<\/div>\n\t\t\t\t<\/div>\n\t\t<div class=\"elementor-element elementor-element-d40e198 e-con-full bhm-sidebar-container e-flex e-con e-child\" data-id=\"d40e198\" data-element_type=\"container\" data-e-type=\"container\" data-settings=\"{&quot;background_background&quot;:&quot;classic&quot;}\">\n\t\t\t\t<div class=\"elementor-element elementor-element-30d80c0 elementor-widget elementor-widget-sidebar\" data-id=\"30d80c0\" data-element_type=\"widget\" data-e-type=\"widget\" data-widget_type=\"sidebar.default\">\n\t\t\t\t\t<li id=\"block-9\" class=\"widget widget_block\">\n<h2 class=\"wp-block-heading\">Search Villas<\/h2>\n<\/li>\n<li id=\"block-10\" class=\"widget widget_block widget_search\"><form role=\"search\" method=\"get\" action=\"https:\/\/beachhousesmauritius.com\/de\/\" class=\"wp-block-search__button-outside wp-block-search__text-button wp-block-search\"    ><label class=\"wp-block-search__label\" for=\"wp-block-search__input-1\" >Search<\/label><div class=\"wp-block-search__inside-wrapper\" ><input class=\"wp-block-search__input\" id=\"wp-block-search__input-1\" placeholder=\"\" value=\"\" type=\"search\" name=\"s\" required \/><button aria-label=\"Search\" class=\"wp-block-search__button wp-element-button\" type=\"submit\" >Search<\/button><\/div><\/form><\/li>\n<li id=\"block-7\" class=\"widget widget_block\">\n<h2 class=\"wp-block-heading\">Send Request<\/h2>\n<\/li>\n<li id=\"block-8\" class=\"widget widget_block\"><div class=\"mphb_sc_search-wrapper \">\n<form method=\"GET\" class=\"mphb_sc_search-form\" action=\"https:\/\/beachhousesmauritius.com\/de\/searchy\/\" data-first_available_check_in_date=\"2026-04-16\">\n\n\t<p class = \"mphb-required-fields-tip\">\n\t<small>\n\t\tErforderliche Felder werden gefolgt von\t\t<abbr title=\"required\">*<\/abbr>\n\t<\/small>\n<\/p>\n\n\t<p class=\"mphb_sc_search-check-in-date\">\n\t\t<label for=\"mphb_check_in_date-mphb-search-form-69d789e8583b3\">\n\t\t\tAnreise\t\t\t<abbr title=\"Formatiert als dd\/mm\/yyyy\">*<\/abbr>\n\t\t<\/label>\n\t\t<br \/>\n\t\t<input\n\t\t\tid=\"mphb_check_in_date-mphb-search-form-69d789e8583b3\"\n\t\t\tdata-datepick-group=\"mphb-search-form-69d789e8583b3\"\n\t\t\tvalue=\"\"\n\t\t\tplaceholder=\"Anreisedatum\"\n\t\t\trequired=\"required\"\n\t\t\ttype=\"text\"\n\t\t\tinputmode=\"none\"\n\t\t\tname=\"mphb_check_in_date\"\n\t\t\tclass=\"mphb-datepick\"\n\t\t\tautocomplete=\"off\"\n\t\t\t\/>\n\t<\/p>\n\n\t<p class=\"mphb_sc_search-check-out-date\">\n\t\t<label for=\"mphb_check_out_date-mphb-search-form-69d789e8583b3\">\n\t\t\tAbreise\t\t\t<abbr title=\"Formatiert als dd\/mm\/yyyy\">*<\/abbr>\n\t\t<\/label>\n\t\t<br \/>\n\t\t<input\n\t\t\tid=\"mphb_check_out_date-mphb-search-form-69d789e8583b3\"\n\t\t\tdata-datepick-group=\"mphb-search-form-69d789e8583b3\"\n\t\t\tvalue=\"\"\n\t\t\tplaceholder=\"Abreisedatum\"\n\t\t\trequired=\"required\"\n\t\t\ttype=\"text\"\n\t\t\tinputmode=\"none\"\n\t\t\tname=\"mphb_check_out_date\"\n\t\t\tclass=\"mphb-datepick\"\n\t\t\tautocomplete=\"off\"\n\t\t\t\/>\n\t<\/p>\n\n\t\t\t<p class=\"mphb_sc_search-adults\">\n\t\t\t<label for=\"mphb_adults-mphb-search-form-69d789e8583b3\">\n\t\t\t\tG\u00e4ste\t\t\t<\/label>\n\t\t\t<br \/>\n\t\t\t<select id=\"mphb_adults-mphb-search-form-69d789e8583b3\" name=\"mphb_adults\" >\n\t\t\t\t\t\t\t\t\t<option value=\"1\"  selected='selected'>1<\/option>\n\t\t\t\t\t\t\t\t\t<option value=\"2\" >2<\/option>\n\t\t\t\t\t\t\t\t\t<option value=\"3\" >3<\/option>\n\t\t\t\t\t\t\t\t\t<option value=\"4\" >4<\/option>\n\t\t\t\t\t\t\t\t\t<option value=\"5\" >5<\/option>\n\t\t\t\t\t\t\t\t\t<option value=\"6\" >6<\/option>\n\t\t\t\t\t\t\t\t\t<option value=\"7\" >7<\/option>\n\t\t\t\t\t\t\t\t\t<option value=\"8\" >8<\/option>\n\t\t\t\t\t\t\t\t\t<option value=\"9\" >9<\/option>\n\t\t\t\t\t\t\t\t\t<option value=\"10\" >10<\/option>\n\t\t\t\t\t\t\t\t\t<option value=\"11\" >11<\/option>\n\t\t\t\t\t\t\t\t\t<option value=\"12\" >12<\/option>\n\t\t\t\t\t\t\t\t\t<option value=\"13\" >13<\/option>\n\t\t\t\t\t\t\t\t\t<option value=\"14\" >14<\/option>\n\t\t\t\t\t\t\t\t\t<option value=\"15\" >15<\/option>\n\t\t\t\t\t\t\t<\/select>\n\t\t<\/p>\n\t\n\t\t\t<input type=\"hidden\" id=\"mphb_children-mphb-search-form-69d789e8583b3\" name=\"mphb_children\" value=\"0\" \/>\n\t\n\t\n\t\n\t<input id=\"mphb_check_in_date-mphb-search-form-69d789e8583b3-hidden\" value=\"\" type=\"hidden\" name=\"mphb_check_in_date\" \/><input id=\"mphb_check_out_date-mphb-search-form-69d789e8583b3-hidden\" value=\"\" type=\"hidden\" name=\"mphb_check_out_date\" \/>\n\t<p class=\"mphb_sc_search-submit-button-wrapper\">\n\t\t<input type=\"submit\" class=\"button\" value=\"Suche\"\/>\n\t<\/p>\n\n\t\n<\/form>\n<\/div><\/li>\n<li id=\"block-11\" class=\"widget widget_block\">\n<h2 class=\"wp-block-heading\">Tags<\/h2>\n<\/li>\n<li id=\"block-12\" class=\"widget widget_block widget_tag_cloud\"><p class=\"wp-block-tag-cloud\"><a href=\"https:\/\/beachhousesmauritius.com\/de\/accommodation-tag\/aktives-strandleben-de\/\" class=\"tag-cloud-link tag-link-295 tag-link-position-1\" style=\"font-size: 8.1pt;\" aria-label=\"Aktives Strandleben (10\u00a0Eintr\u00e4ge)\">Aktives Strandleben<\/a>\n<a href=\"https:\/\/beachhousesmauritius.com\/de\/accommodation-tag\/einkaufsmoglichkeiten-fusslaeufig-de\/\" class=\"tag-cloud-link tag-link-300 tag-link-position-2\" style=\"font-size: 8.1pt;\" aria-label=\"Einkaufsm\u00f6glichkeiten fu\u00dfl\u00e4ufig (13\u00a0Eintr\u00e4ge)\">Einkaufsm\u00f6glichkeiten fu\u00dfl\u00e4ufig<\/a>\n<a href=\"https:\/\/beachhousesmauritius.com\/de\/accommodation-tag\/golfplatz-in-der-naehe-de\/\" class=\"tag-cloud-link tag-link-293 tag-link-position-3\" style=\"font-size: 8.1pt;\" aria-label=\"Golfplatz in der N\u00e4he (10\u00a0Eintr\u00e4ge)\">Golfplatz in der N\u00e4he<\/a>\n<a href=\"https:\/\/beachhousesmauritius.com\/de\/accommodation-tag\/mietwagen-empfohlen-de\/\" class=\"tag-cloud-link tag-link-291 tag-link-position-4\" style=\"font-size: 8.1pt;\" aria-label=\"Mietwagen empfohlen (5\u00a0Eintr\u00e4ge)\">Mietwagen empfohlen<\/a>\n<a href=\"https:\/\/beachhousesmauritius.com\/de\/accommodation-tag\/rollstuhlgerecht-de\/\" class=\"tag-cloud-link tag-link-264 tag-link-position-5\" style=\"font-size: 8.1pt;\" aria-label=\"rollstuhlgerecht (2\u00a0Eintr\u00e4ge)\">rollstuhlgerecht<\/a>\n<a href=\"https:\/\/beachhousesmauritius.com\/de\/accommodation-tag\/ruhig-am-strand-gelegen-de\/\" class=\"tag-cloud-link tag-link-260 tag-link-position-6\" style=\"font-size: 8.1pt;\" aria-label=\"Ruhig am Strand gelegen (8\u00a0Eintr\u00e4ge)\">Ruhig am Strand gelegen<\/a>\n<a href=\"https:\/\/beachhousesmauritius.com\/de\/accommodation-tag\/ruhiger-tropischer-garten-de\/\" class=\"tag-cloud-link tag-link-298 tag-link-position-7\" style=\"font-size: 8.1pt;\" aria-label=\"Ruhiger tropischer Garten (6\u00a0Eintr\u00e4ge)\">Ruhiger tropischer Garten<\/a><\/p><\/li>\n<li id=\"block-13\" class=\"widget widget_block\">\n<h2 class=\"wp-block-heading\">News<\/h2>\n<\/li>\n<li id=\"block-14\" class=\"widget widget_block widget_recent_entries\"><ul class=\"wp-block-latest-posts__list wp-block-latest-posts\"><li><a class=\"wp-block-latest-posts__post-title\" href=\"https:\/\/beachhousesmauritius.com\/de\/availability-january-april-2025-2\/\">\ud83c\udfd6\ufe0f Aktuelle Verf\u00fcgbarkeit J\u00c4NNER \u2013 APRIL 2025 \ud83c\udf1f Auf der Suche nach dem perfekten Urlaub in Mauritius? Entdecken Sie unsere aktualisierte Verf\u00fcgbarkeit. Check out our updated availability<\/a><\/li>\n<li><a class=\"wp-block-latest-posts__post-title\" href=\"https:\/\/beachhousesmauritius.com\/de\/5-x-was-man-sehen-muss-in-mauritius\/\">5 x Was man sehen muss in Mauritius<\/a><\/li>\n<li><a class=\"wp-block-latest-posts__post-title\" href=\"https:\/\/beachhousesmauritius.com\/de\/mauritius-entdecken\/\">Mauritius entdecken<\/a><\/li>\n<\/ul><\/li>\n\t\t\t\t<\/div>\n\t\t\t\t<\/div>\n\t\t\t\t\t<\/div>\n\t\t\t\t<\/div>\n\t\t\t\t<\/div>\n\t\t","protected":false},"excerpt":{"rendered":"<p>BeachHouses ist eine von Beach House Rental Ltd (Seychellen) betriebene Buchungsplattform f\u00fcr Ferienunterk\u00fcnfte. Mit uns buchen Sie private Ferienh\u00e4user direkt am Strand, alle in der Region des Indischen Ozeans. Wir arbeiten direkt mit den Eigent\u00fcmern und vertrauensw\u00fcrdigen Partnern vor Ort zusammen, so dass Sie von Ihrer Ankunft an und w\u00e4hrend Ihres gesamten Aufenthalts bestens betreut [&hellip;]<\/p>\n","protected":false},"author":1,"featured_media":225,"parent":0,"menu_order":0,"comment_status":"closed","ping_status":"closed","template":"","meta":{"_acf_changed":false,"inline_featured_image":false,"footnotes":""},"class_list":["post-7877","page","type-page","status-publish","has-post-thumbnail","hentry"],"acf":[],"_links":{"self":[{"href":"https:\/\/beachhousesmauritius.com\/de\/wp-json\/wp\/v2\/pages\/7877","targetHints":{"allow":["GET"]}}],"collection":[{"href":"https:\/\/beachhousesmauritius.com\/de\/wp-json\/wp\/v2\/pages"}],"about":[{"href":"https:\/\/beachhousesmauritius.com\/de\/wp-json\/wp\/v2\/types\/page"}],"author":[{"embeddable":true,"href":"https:\/\/beachhousesmauritius.com\/de\/wp-json\/wp\/v2\/users\/1"}],"replies":[{"embeddable":true,"href":"https:\/\/beachhousesmauritius.com\/de\/wp-json\/wp\/v2\/comments?post=7877"}],"version-history":[{"count":8,"href":"https:\/\/beachhousesmauritius.com\/de\/wp-json\/wp\/v2\/pages\/7877\/revisions"}],"predecessor-version":[{"id":205571,"href":"https:\/\/beachhousesmauritius.com\/de\/wp-json\/wp\/v2\/pages\/7877\/revisions\/205571"}],"wp:featuredmedia":[{"embeddable":true,"href":"https:\/\/beachhousesmauritius.com\/de\/wp-json\/wp\/v2\/media\/225"}],"wp:attachment":[{"href":"https:\/\/beachhousesmauritius.com\/de\/wp-json\/wp\/v2\/media?parent=7877"}],"curies":[{"name":"wp","href":"https:\/\/api.w.org\/{rel}","templated":true}]}}