{"id":7633,"date":"2018-06-12T12:01:23","date_gmt":"2018-06-12T11:01:23","guid":{"rendered":"https:\/\/beachhousesmauritius.com\/buchung-bestaetigt\/"},"modified":"2026-02-22T15:08:33","modified_gmt":"2026-02-22T15:08:33","slug":"buchung-bestaetigt","status":"publish","type":"page","link":"https:\/\/beachhousesmauritius.com\/de\/buchung-bestaetigt\/","title":{"rendered":"Buchung best\u00e4tigt"},"content":{"rendered":"<p>Wir freuen uns, Ihnen mitteilen zu k\u00f6nnen, dass Ihre Reservierungsanfrage erhalten und best\u00e4tigt wurde.<\/p>\n","protected":false},"excerpt":{"rendered":"<p>Wir freuen uns, Ihnen mitteilen zu k\u00f6nnen, dass Ihre Reservierungsanfrage erhalten und best\u00e4tigt wurde.<\/p>\n","protected":false},"author":1,"featured_media":0,"parent":0,"menu_order":0,"comment_status":"closed","ping_status":"closed","template":"","meta":{"_acf_changed":false,"inline_featured_image":false,"footnotes":""},"class_list":["post-7633","page","type-page","status-publish","hentry"],"acf":[],"_links":{"self":[{"href":"https:\/\/beachhousesmauritius.com\/de\/wp-json\/wp\/v2\/pages\/7633","targetHints":{"allow":["GET"]}}],"collection":[{"href":"https:\/\/beachhousesmauritius.com\/de\/wp-json\/wp\/v2\/pages"}],"about":[{"href":"https:\/\/beachhousesmauritius.com\/de\/wp-json\/wp\/v2\/types\/page"}],"author":[{"embeddable":true,"href":"https:\/\/beachhousesmauritius.com\/de\/wp-json\/wp\/v2\/users\/1"}],"replies":[{"embeddable":true,"href":"https:\/\/beachhousesmauritius.com\/de\/wp-json\/wp\/v2\/comments?post=7633"}],"version-history":[{"count":1,"href":"https:\/\/beachhousesmauritius.com\/de\/wp-json\/wp\/v2\/pages\/7633\/revisions"}],"predecessor-version":[{"id":193269,"href":"https:\/\/beachhousesmauritius.com\/de\/wp-json\/wp\/v2\/pages\/7633\/revisions\/193269"}],"wp:attachment":[{"href":"https:\/\/beachhousesmauritius.com\/de\/wp-json\/wp\/v2\/media?parent=7633"}],"curies":[{"name":"wp","href":"https:\/\/api.w.org\/{rel}","templated":true}]}}