{"id":4822,"date":"2020-03-24T21:46:18","date_gmt":"2020-03-24T17:46:18","guid":{"rendered":"https:\/\/beachhousesmauritius.com\/fotos\/"},"modified":"2026-03-23T18:32:11","modified_gmt":"2026-03-23T14:32:11","slug":"photos-2","status":"publish","type":"page","link":"https:\/\/beachhousesmauritius.com\/de\/photos-2\/","title":{"rendered":"Fotos"},"content":{"rendered":"\t\t<div data-elementor-type=\"wp-page\" data-elementor-id=\"4822\" class=\"elementor elementor-4822 elementor-4811\" wpc-filter-elementor-widget=\"1\" data-elementor-post-type=\"page\">\n\t\t\t\t\t\t<section class=\"elementor-section elementor-top-section elementor-element elementor-element-b2c621b elementor-section-full_width elementor-section-height-min-height elementor-section-height-default elementor-section-items-middle\" data-id=\"b2c621b\" data-element_type=\"section\" data-e-type=\"section\" data-settings=\"{&quot;background_background&quot;:&quot;classic&quot;}\">\n\t\t\t\t\t\t\t<div class=\"elementor-background-overlay\"><\/div>\n\t\t\t\t\t\t\t<div class=\"elementor-container elementor-column-gap-default\">\n\t\t\t\t\t<div class=\"elementor-column elementor-col-100 elementor-top-column elementor-element elementor-element-109f551\" data-id=\"109f551\" data-element_type=\"column\" data-e-type=\"column\">\n\t\t\t<div class=\"elementor-widget-wrap elementor-element-populated\">\n\t\t\t\t\t\t<div class=\"elementor-element elementor-element-445e57a elementor-widget elementor-widget-heading\" data-id=\"445e57a\" data-element_type=\"widget\" data-e-type=\"widget\" data-widget_type=\"heading.default\">\n\t\t\t\t\t<h2 class=\"elementor-heading-title elementor-size-default\">Fotos<\/h2>\t\t\t\t<\/div>\n\t\t\t\t\t<\/div>\n\t\t<\/div>\n\t\t\t\t\t<\/div>\n\t\t<\/section>\n\t\t<div class=\"elementor-element elementor-element-942af75 e-flex e-con-boxed e-con e-parent\" data-id=\"942af75\" data-element_type=\"container\" data-e-type=\"container\" data-settings=\"{&quot;background_background&quot;:&quot;classic&quot;}\">\n\t\t\t\t\t<div class=\"e-con-inner\">\n\t\t<div class=\"elementor-element elementor-element-ed0c753 e-con-full e-flex e-con e-child\" data-id=\"ed0c753\" data-element_type=\"container\" data-e-type=\"container\" data-settings=\"{&quot;background_background&quot;:&quot;classic&quot;}\">\n\t\t\t\t<div class=\"elementor-element elementor-element-8401203 elementor-widget elementor-widget-heading\" data-id=\"8401203\" data-element_type=\"widget\" data-e-type=\"widget\" data-widget_type=\"heading.default\">\n\t\t\t\t\t<h2 class=\"elementor-heading-title elementor-size-default\">Bildsch\u00f6n...<\/h2>\t\t\t\t<\/div>\n\t\t\t\t<div class=\"elementor-element elementor-element-c9a0871 elementor-widget elementor-widget-text-editor\" data-id=\"c9a0871\" data-element_type=\"widget\" data-e-type=\"widget\" data-widget_type=\"text-editor.default\">\n\t\t\t\t\t\t\t\t\t<p><strong>Beach Houses Mauritius<\/strong> pr\u00e4sentiert eine handverlesene Auswahl an <strong>privaten<\/strong> Ferienvillen zur Miete, direkt vom Eigent\u00fcmer.<\/p><p>Wir bieten Selbstversorgerh\u00e4user f\u00fcr <strong>jedes Budget<\/strong>, und alle H\u00e4user bieten Ihnen direkten Zugang zum <strong>herrlichen t\u00fcrkisfarbenen Meer des Indischen Ozeans.<\/strong><\/p><p>Ein privates Strandhaus auf Mauritius zu mieten bedeutet, den <strong>echten mauritischen Lebensstil<\/strong> aus erster Hand kennenzulernen und gleichzeitig den Komfort eines t\u00e4glichen Haushalts- und Kochservices zu genie\u00dfen \u2013 <strong>alles in der Privatsph\u00e4re Ihrer eigenen Villa<\/strong>.<\/p><p><strong>Bitte <a href=\"https:\/\/beachhousesmauritius.com\/de\/kontakt\/\">kontaktieren Sie uns<\/a> f\u00fcr weitere Informationen. Wir freuen uns darauf, von Ihnen zu h\u00f6ren.<\/strong><\/p>\t\t\t\t\t\t\t\t<\/div>\n\t\t\t\t<\/div>\n\t\t<div class=\"elementor-element elementor-element-4332c1a e-con-full e-flex e-con e-child\" data-id=\"4332c1a\" data-element_type=\"container\" data-e-type=\"container\">\n\t\t<div class=\"elementor-element elementor-element-b964900 e-con-full e-flex e-con e-child\" data-id=\"b964900\" data-element_type=\"container\" data-e-type=\"container\">\n\t\t\t\t<div class=\"elementor-element elementor-element-c4dc4ec elementor-widget elementor-widget-heading\" data-id=\"c4dc4ec\" data-element_type=\"widget\" data-e-type=\"widget\" data-widget_type=\"heading.default\">\n\t\t\t\t\t<h2 class=\"elementor-heading-title elementor-size-default\">Aus unserem Feed<\/h2>\t\t\t\t<\/div>\n\t\t\t\t<div class=\"elementor-element elementor-element-aebeeff bhm-instagram-button elementor-widget elementor-widget-button\" data-id=\"aebeeff\" data-element_type=\"widget\" data-e-type=\"widget\" data-widget_type=\"button.default\">\n\t\t\t\t\t\t\t\t\t\t<a class=\"elementor-button elementor-button-link elementor-size-sm\" href=\"https:\/\/www.instagram.com\/beach_houses_mauritius\/\" target=\"_blank\" rel=\"noopener\">\n\t\t\t\t\t\t<span class=\"elementor-button-content-wrapper\">\n\t\t\t\t\t\t<span class=\"elementor-button-icon\">\n\t\t\t\t<svg aria-hidden=\"true\" class=\"e-font-icon-svg e-fab-instagram\" viewBox=\"0 0 448 512\" xmlns=\"http:\/\/www.w3.org\/2000\/svg\"><path d=\"M224.1 141c-63.6 0-114.9 51.3-114.9 114.9s51.3 114.9 114.9 114.9S339 319.5 339 255.9 287.7 141 224.1 141zm0 189.6c-41.1 0-74.7-33.5-74.7-74.7s33.5-74.7 74.7-74.7 74.7 33.5 74.7 74.7-33.6 74.7-74.7 74.7zm146.4-194.3c0 14.9-12 26.8-26.8 26.8-14.9 0-26.8-12-26.8-26.8s12-26.8 26.8-26.8 26.8 12 26.8 26.8zm76.1 27.2c-1.7-35.9-9.9-67.7-36.2-93.9-26.2-26.2-58-34.4-93.9-36.2-37-2.1-147.9-2.1-184.9 0-35.8 1.7-67.6 9.9-93.9 36.1s-34.4 58-36.2 93.9c-2.1 37-2.1 147.9 0 184.9 1.7 35.9 9.9 67.7 36.2 93.9s58 34.4 93.9 36.2c37 2.1 147.9 2.1 184.9 0 35.9-1.7 67.7-9.9 93.9-36.2 26.2-26.2 34.4-58 36.2-93.9 2.1-37 2.1-147.8 0-184.8zM398.8 388c-7.8 19.6-22.9 34.7-42.6 42.6-29.5 11.7-99.5 9-132.1 9s-102.7 2.6-132.1-9c-19.6-7.8-34.7-22.9-42.6-42.6-11.7-29.5-9-99.5-9-132.1s-2.6-102.7 9-132.1c7.8-19.6 22.9-34.7 42.6-42.6 29.5-11.7 99.5-9 132.1-9s102.7-2.6 132.1 9c19.6 7.8 34.7 22.9 42.6 42.6 11.7 29.5 9 99.5 9 132.1s2.7 102.7-9 132.1z\"><\/path><\/svg>\t\t\t<\/span>\n\t\t\t\t\t\t\t\t\t<span class=\"elementor-button-text\">Folgen Sie uns auf Instagram<\/span>\n\t\t\t\t\t<\/span>\n\t\t\t\t\t<\/a>\n\t\t\t\t\t\t\t\t<\/div>\n\t\t\t\t<\/div>\n\t\t\t\t<div class=\"elementor-element elementor-element-1909a9e elementor-widget elementor-widget-html\" data-id=\"1909a9e\" data-element_type=\"widget\" data-e-type=\"widget\" data-widget_type=\"html.default\">\n\t\t\t\t\t<script src=\"https:\/\/apps.elfsight.com\/p\/platform.js\" defer><\/script>\n<div class=\"elfsight-app-6d98fe05-8cf7-4813-8352-f3944f3b7e3e\"><\/div>\t\t\t\t<\/div>\n\t\t\t\t<\/div>\n\t\t\t\t\t<\/div>\n\t\t\t\t<\/div>\n\t\t\t\t<\/div>\n\t\t","protected":false},"excerpt":{"rendered":"<p>Bildsch\u00f6n&#8230; Beach Houses Mauritius pr\u00e4sentiert eine handverlesene Auswahl an privaten Ferienvillen zur Miete, direkt vom Eigent\u00fcmer. Wir bieten Selbstversorgerh\u00e4user f\u00fcr jedes Budget, und alle H\u00e4user bieten Ihnen direkten Zugang zum herrlichen t\u00fcrkisfarbenen Meer des Indischen Ozeans. Ein privates Strandhaus auf Mauritius zu mieten bedeutet, den echten mauritischen Lebensstil aus erster Hand kennenzulernen und gleichzeitig den [&hellip;]<\/p>\n","protected":false},"author":1,"featured_media":193321,"parent":0,"menu_order":0,"comment_status":"closed","ping_status":"closed","template":"elementor_header_footer","meta":{"_acf_changed":false,"inline_featured_image":false,"footnotes":""},"class_list":["post-4822","page","type-page","status-publish","has-post-thumbnail","hentry"],"acf":[],"_links":{"self":[{"href":"https:\/\/beachhousesmauritius.com\/de\/wp-json\/wp\/v2\/pages\/4822","targetHints":{"allow":["GET"]}}],"collection":[{"href":"https:\/\/beachhousesmauritius.com\/de\/wp-json\/wp\/v2\/pages"}],"about":[{"href":"https:\/\/beachhousesmauritius.com\/de\/wp-json\/wp\/v2\/types\/page"}],"author":[{"embeddable":true,"href":"https:\/\/beachhousesmauritius.com\/de\/wp-json\/wp\/v2\/users\/1"}],"replies":[{"embeddable":true,"href":"https:\/\/beachhousesmauritius.com\/de\/wp-json\/wp\/v2\/comments?post=4822"}],"version-history":[{"count":12,"href":"https:\/\/beachhousesmauritius.com\/de\/wp-json\/wp\/v2\/pages\/4822\/revisions"}],"predecessor-version":[{"id":205603,"href":"https:\/\/beachhousesmauritius.com\/de\/wp-json\/wp\/v2\/pages\/4822\/revisions\/205603"}],"wp:featuredmedia":[{"embeddable":true,"href":"https:\/\/beachhousesmauritius.com\/de\/wp-json\/wp\/v2\/media\/193321"}],"wp:attachment":[{"href":"https:\/\/beachhousesmauritius.com\/de\/wp-json\/wp\/v2\/media?parent=4822"}],"curies":[{"name":"wp","href":"https:\/\/api.w.org\/{rel}","templated":true}]}}