{"id":4805,"date":"2020-03-24T21:22:40","date_gmt":"2020-03-24T17:22:40","guid":{"rendered":"https:\/\/beachhousesmauritius.com\/sonderangebote\/"},"modified":"2026-04-09T17:32:49","modified_gmt":"2026-04-09T13:32:49","slug":"sonderangebote","status":"publish","type":"page","link":"https:\/\/beachhousesmauritius.com\/de\/sonderangebote\/","title":{"rendered":"SPEZIALANGEBOTE"},"content":{"rendered":"\t\t<div data-elementor-type=\"wp-page\" data-elementor-id=\"4805\" class=\"elementor elementor-4805 elementor-4799\" data-elementor-post-type=\"page\">\n\t\t\t\t\t\t<section class=\"elementor-section elementor-top-section elementor-element elementor-element-72d852f elementor-section-full_width elementor-section-height-min-height elementor-section-height-default elementor-section-items-middle\" data-id=\"72d852f\" data-element_type=\"section\" data-e-type=\"section\" data-settings=\"{&quot;background_background&quot;:&quot;classic&quot;}\">\n\t\t\t\t\t\t\t<div class=\"elementor-background-overlay\"><\/div>\n\t\t\t\t\t\t\t<div class=\"elementor-container elementor-column-gap-default\">\n\t\t\t\t\t<div class=\"elementor-column elementor-col-100 elementor-top-column elementor-element elementor-element-a4ae6a2\" data-id=\"a4ae6a2\" data-element_type=\"column\" data-e-type=\"column\">\n\t\t\t<div class=\"elementor-widget-wrap elementor-element-populated\">\n\t\t\t\t\t\t<div class=\"elementor-element elementor-element-aa9e06e elementor-widget elementor-widget-heading\" data-id=\"aa9e06e\" data-element_type=\"widget\" data-e-type=\"widget\" data-widget_type=\"heading.default\">\n\t\t\t\t\t<h2 class=\"elementor-heading-title elementor-size-default\">SPEZIALANGEBOTE<\/h2>\t\t\t\t<\/div>\n\t\t\t\t\t<\/div>\n\t\t<\/div>\n\t\t\t\t\t<\/div>\n\t\t<\/section>\n\t\t<div class=\"elementor-element elementor-element-70e95c2 e-flex e-con-boxed e-con e-parent\" data-id=\"70e95c2\" data-element_type=\"container\" data-e-type=\"container\" data-settings=\"{&quot;background_background&quot;:&quot;classic&quot;}\">\n\t\t\t\t\t<div class=\"e-con-inner\">\n\t\t<div class=\"elementor-element elementor-element-0640c0d e-con-full e-flex e-con e-child\" data-id=\"0640c0d\" data-element_type=\"container\" data-e-type=\"container\">\n\t\t<div class=\"elementor-element elementor-element-b9c1ddb e-con-full e-flex e-con e-child\" data-id=\"b9c1ddb\" data-element_type=\"container\" data-e-type=\"container\">\n\t\t\t\t<div class=\"elementor-element elementor-element-493ee2a elementor-widget elementor-widget-heading\" data-id=\"493ee2a\" data-element_type=\"widget\" data-e-type=\"widget\" data-widget_type=\"heading.default\">\n\t\t\t\t\t<h2 class=\"elementor-heading-title elementor-size-default\">Unsere Villen derzeit im Angebot<\/h2>\t\t\t\t<\/div>\n\t\t\t\t<div class=\"elementor-element elementor-element-df11e7d elementor-widget elementor-widget-mphbe-rooms\" data-id=\"df11e7d\" data-element_type=\"widget\" data-e-type=\"widget\" data-widget_type=\"mphbe-rooms.default\">\n\t\t\t\t<div class=\"elementor-widget-container\">\n\t\t\t\t\t<div class=\"mphb_sc_rooms-wrapper mphb-room-types bh-hp-properties bh-special-page-properties\">\n<div class=\"mphb-room-type post-202047 mphb_room_type type-mphb_room_type status-publish has-post-thumbnail mphb_room_type_category-im-angebot-de mphb_room_type_category-komfort-plus-am-strand-de mphb_room_type_category-modern-am-strand-de mphb_room_type_category-privater-pool-de mphb_room_type_tag-einkaufsmoglichkeiten-fusslaeufig-de mphb_room_type_tag-rollstuhlgerecht-de mphb_room_type_tag-ruhig-am-strand-gelegen-de mphb_room_type_facility-direkt-am-strand mphb_room_type_facility-rollstuhlfreundlich mphb-room-type-adults-6 mphb-room-type-children-0 has-taxes-and-fees\">\n\n\t\n\t\n\n\t<p class=\"post-thumbnail mphb-loop-room-thumbnail\">\n\t<a href=\"https:\/\/beachhousesmauritius.com\/de\/accommodation\/pointe-dazur-b1-pereybere\/\">\n\t<img fetchpriority=\"high\" decoding=\"async\" width=\"1280\" height=\"960\" src=\"https:\/\/beachhousesmauritius.com\/wp-content\/uploads\/2021\/10\/IMG_0134.jpeg\" class=\"attachment-post-thumbnail size-post-thumbnail wp-post-image\" alt=\"Pointe Azur privates Pooldeck\" srcset=\"https:\/\/beachhousesmauritius.com\/wp-content\/uploads\/2021\/10\/IMG_0134.jpeg 1280w, https:\/\/beachhousesmauritius.com\/wp-content\/uploads\/2021\/10\/IMG_0134-300x225.jpeg 300w, https:\/\/beachhousesmauritius.com\/wp-content\/uploads\/2021\/10\/IMG_0134-1024x768.jpeg 1024w, https:\/\/beachhousesmauritius.com\/wp-content\/uploads\/2021\/10\/IMG_0134-768x576.jpeg 768w\" sizes=\"(max-width: 1280px) 100vw, 1280px\" \/>\t<\/a>\n\n\t<\/p>\n\n<h2 class=\"mphb-room-type-title entry-title\">\n\n<a class=\"mphb-room-type-title\" href=\"https:\/\/beachhousesmauritius.com\/de\/accommodation\/pointe-dazur-b1-pereybere\/\">Pointe d&#8217;Azur B1 - Pereybere<\/a>\n\n<\/h2>\n<h3 class=\"mphb-room-type-details-title\">Details<\/h3><ul class=\"mphb-loop-room-type-attributes\">\n\n\n\t<li class=\"mphb-room-type-adults-capacity\"><span class=\"mphb-attribute-title mphb-adults-title\">Erwachsene:<\/span><span class=\"mphb-attribute-value\">\n\t6\n\t<\/span><\/li>\n\t\n\n\n\t<li class=\"mphb-room-type-facilities\"><span class=\"mphb-attribute-title mphb-facilities-title\">Ausstattungen:<\/span><span class=\"mphb-attribute-value\"> <span class=\"facility-direkt-am-strand\"><a href=\"https:\/\/beachhousesmauritius.com\/de\/accommodation-facility\/direkt-am-strand\/\">Direkt am Strand<\/a><\/span>, <span class=\"facility-rollstuhlfreundlich\"><a href=\"https:\/\/beachhousesmauritius.com\/de\/accommodation-facility\/rollstuhlfreundlich\/\">Rollstuhlfreundlich<\/a><\/span><\/span><\/li>\n\t\n\n\n\n\n\n\n\n\t<li class=\"mphb-room-type-categories\"><span class=\"mphb-attribute-title mphb-categories-title\">Kategorien:<\/span><span class=\"mphb-attribute-value\"> <span class=\"category-im-angebot-de\"><a href=\"https:\/\/beachhousesmauritius.com\/de\/accommodation-category\/im-angebot-de\/\">Im Angebot<\/a><\/span>, <span class=\"category-komfort-plus-am-strand-de\"><a href=\"https:\/\/beachhousesmauritius.com\/de\/accommodation-category\/komfort-plus-am-strand-de\/\">Komfort PLUS am Strand<\/a><\/span>, <span class=\"category-modern-am-strand-de\"><a href=\"https:\/\/beachhousesmauritius.com\/de\/accommodation-category\/modern-am-strand-de\/\">Modern am Strand<\/a><\/span>, <span class=\"category-privater-pool-de\"><a href=\"https:\/\/beachhousesmauritius.com\/de\/accommodation-category\/privater-pool-de\/\">Privater Pool<\/a><\/span><\/span><\/li>\n\t<li class=\"mphb-room-type-bedrooms mphb-room-type-custom-attribute\"><span class=\"mphb-attribute-title mphb-bedrooms-title\">Schlafzimmer:<\/span><span class=\"mphb-attribute-value\"> <span class=\"bedrooms-3\">3<\/span><\/span><\/li><li class=\"mphb-room-type-bathrooms mphb-room-type-custom-attribute\"><span class=\"mphb-attribute-title mphb-bathrooms-title\">Badezimmer:<\/span><span class=\"mphb-attribute-value\"> <span class=\"bathrooms-3\">3<\/span><\/span><\/li><li class=\"mphb-room-type-location mphb-room-type-custom-attribute\"><span class=\"mphb-attribute-title mphb-location-title\">Lage:<\/span><span class=\"mphb-attribute-value\"> <span class=\"location-norden\">Norden<\/span><\/span><\/li>\n<\/ul>\n\n\t<p class=\"mphb-regular-price\"><strong>Preis von:<\/strong>\n\t<span class=\"mphb-price\"><span class=\"mphb-currency\">&euro;<\/span>450<\/span> <span class=\"mphb-price-period\" title=\"W\u00e4hlen Sie Daten, um relevante Preise zu sehen\">pro Nacht<\/span><span class=\"mphb-tax-information taxes-included\"> (+Steuern und Geb\u00fchren)<\/span>\n\t<\/p>\n\t\n\t\n<\/div>\n\n<div class=\"mphb-room-type post-204985 mphb_room_type type-mphb_room_type status-publish has-post-thumbnail mphb_room_type_category-im-angebot-de mphb_room_type_category-komfort-plus-am-strand-de mphb_room_type_category-modern-am-strand-de mphb_room_type_category-privater-pool-de mphb_room_type_tag-aktives-strandleben-de mphb_room_type_tag-einkaufsmoglichkeiten-fusslaeufig-de mphb_room_type_tag-golfplatz-in-der-naehe-de mphb-room-type-adults-8 mphb-room-type-children-0 has-taxes-and-fees\">\n\n\t\n\t\n\n\t<p class=\"post-thumbnail mphb-loop-room-thumbnail\">\n\t<a href=\"https:\/\/beachhousesmauritius.com\/de\/accommodation\/villa-tacasita-pereybere-2\/\">\n\t<img decoding=\"async\" width=\"1000\" height=\"600\" src=\"https:\/\/beachhousesmauritius.com\/wp-content\/uploads\/2026\/03\/TACASI-25-of-45-1000x600-1.jpeg\" class=\"attachment-post-thumbnail size-post-thumbnail wp-post-image\" alt=\"\" srcset=\"https:\/\/beachhousesmauritius.com\/wp-content\/uploads\/2026\/03\/TACASI-25-of-45-1000x600-1.jpeg 1000w, https:\/\/beachhousesmauritius.com\/wp-content\/uploads\/2026\/03\/TACASI-25-of-45-1000x600-1-300x180.jpeg 300w, https:\/\/beachhousesmauritius.com\/wp-content\/uploads\/2026\/03\/TACASI-25-of-45-1000x600-1-768x461.jpeg 768w\" sizes=\"(max-width: 1000px) 100vw, 1000px\" \/>\t<\/a>\n\n\t<\/p>\n\n<h2 class=\"mphb-room-type-title entry-title\">\n\n<a class=\"mphb-room-type-title\" href=\"https:\/\/beachhousesmauritius.com\/de\/accommodation\/villa-tacasita-pereybere-2\/\">Villa Tacasita - Pereybere<\/a>\n\n<\/h2>\n<h3 class=\"mphb-room-type-details-title\">Details<\/h3><ul class=\"mphb-loop-room-type-attributes\">\n\n\n\t<li class=\"mphb-room-type-adults-capacity\"><span class=\"mphb-attribute-title mphb-adults-title\">Erwachsene:<\/span><span class=\"mphb-attribute-value\">\n\t8\n\t<\/span><\/li>\n\t\n\n\n\n\n\t<li class=\"mphb-room-type-view\"><span class=\"mphb-attribute-title mphb-view-title\">Ansicht:<\/span><span class=\"mphb-attribute-value\">\n\tBlick aufs Meer\n\t<\/span><\/li>\n\t\n\n\n\n\n\n\t<li class=\"mphb-room-type-categories\"><span class=\"mphb-attribute-title mphb-categories-title\">Kategorien:<\/span><span class=\"mphb-attribute-value\"> <span class=\"category-im-angebot-de\"><a href=\"https:\/\/beachhousesmauritius.com\/de\/accommodation-category\/im-angebot-de\/\">Im Angebot<\/a><\/span>, <span class=\"category-komfort-plus-am-strand-de\"><a href=\"https:\/\/beachhousesmauritius.com\/de\/accommodation-category\/komfort-plus-am-strand-de\/\">Komfort PLUS am Strand<\/a><\/span>, <span class=\"category-modern-am-strand-de\"><a href=\"https:\/\/beachhousesmauritius.com\/de\/accommodation-category\/modern-am-strand-de\/\">Modern am Strand<\/a><\/span>, <span class=\"category-privater-pool-de\"><a href=\"https:\/\/beachhousesmauritius.com\/de\/accommodation-category\/privater-pool-de\/\">Privater Pool<\/a><\/span><\/span><\/li>\n\t<li class=\"mphb-room-type-bedrooms mphb-room-type-custom-attribute\"><span class=\"mphb-attribute-title mphb-bedrooms-title\">Schlafzimmer:<\/span><span class=\"mphb-attribute-value\"> <span class=\"bedrooms-4\">4<\/span><\/span><\/li><li class=\"mphb-room-type-bathrooms mphb-room-type-custom-attribute\"><span class=\"mphb-attribute-title mphb-bathrooms-title\">Badezimmer:<\/span><span class=\"mphb-attribute-value\"> <span class=\"bathrooms-3\">3<\/span><\/span><\/li><li class=\"mphb-room-type-location mphb-room-type-custom-attribute\"><span class=\"mphb-attribute-title mphb-location-title\">Lage:<\/span><span class=\"mphb-attribute-value\"> <span class=\"location-norden\">Norden<\/span><\/span><\/li>\n<\/ul>\n\n\t<p class=\"mphb-regular-price\"><strong>Preis von:<\/strong>\n\t<span class=\"mphb-price\"><span class=\"mphb-currency\">&euro;<\/span>500<\/span> <span class=\"mphb-price-period\" title=\"W\u00e4hlen Sie Daten, um relevante Preise zu sehen\">pro Nacht<\/span><span class=\"mphb-tax-information taxes-included\"> (+Steuern und Geb\u00fchren)<\/span>\n\t<\/p>\n\t\n\t\n<\/div>\n<\/div>\t\t\t\t<\/div>\n\t\t\t\t<\/div>\n\t\t\t\t<\/div>\n\t\t\t\t<div class=\"elementor-element elementor-element-a7b97fb elementor-widget elementor-widget-text-editor\" data-id=\"a7b97fb\" data-element_type=\"widget\" data-e-type=\"widget\" data-widget_type=\"text-editor.default\">\n\t\t\t\t\t\t\t\t\t<h3 style=\"text-align: center;\">LAST MINUTE<\/h3><p style=\"text-align: center;\">Wenn Sie sich kurzfristig f\u00fcr Ihren Urlaub in Mauritius entscheiden (maximal 2 Wochen vor Ankunft) \u2013 offerieren wir Ihnen gerne einen Spezial Preis (gilt nicht f\u00fcr alle Villen)<\/p><h3 style=\"text-align: center;\">GESUCHT UND NICHT GEFUNDEN ? \u2026<\/h3><p style=\"text-align: center;\">dann klicken Sie <a href=\"mailto:info@BeachHousesMauritius.com\">E-Mail<\/a> und lassen uns wissen, wonach Sie suchen !<\/p><h3 style=\"text-align: center;\">LANGER AUFENTHALT SPEZIAL<\/h3><p style=\"text-align: center;\">Ab einer Urlaubsdauer von mindestens 22 N\u00e4chten offerieren wir Ihnen gerne einen Spezial Preis<br>Wir freuen uns auf Ihre Nachricht,<\/p><p style=\"text-align: center;\"><strong><a title=\"SPEZIALANGEBOT\" href=\"mailto:info@BeachHousesMauritius.com\">info@BeachHousesMauritius.com<\/a><\/strong><\/p><h2 style=\"text-align: left;\"> <\/h2>\t\t\t\t\t\t\t\t<\/div>\n\t\t\t\t<\/div>\n\t\t<div class=\"elementor-element elementor-element-ad817a8 e-con-full bhm-sidebar-container e-flex e-con e-child\" data-id=\"ad817a8\" data-element_type=\"container\" data-e-type=\"container\" data-settings=\"{&quot;background_background&quot;:&quot;classic&quot;}\">\n\t\t\t\t<div class=\"elementor-element elementor-element-415dd52 elementor-widget elementor-widget-sidebar\" data-id=\"415dd52\" data-element_type=\"widget\" data-e-type=\"widget\" data-widget_type=\"sidebar.default\">\n\t\t\t\t\t<li id=\"block-9\" class=\"widget widget_block\">\n<h2 class=\"wp-block-heading\">Villen suchen<\/h2>\n<\/li>\n<li id=\"block-10\" class=\"widget widget_block widget_search\"><form role=\"search\" method=\"get\" action=\"https:\/\/beachhousesmauritius.com\/de\/\" class=\"wp-block-search__button-outside wp-block-search__text-button wp-block-search\"    ><label class=\"wp-block-search__label\" for=\"wp-block-search__input-1\" >Suche<\/label><div class=\"wp-block-search__inside-wrapper\" ><input class=\"wp-block-search__input\" id=\"wp-block-search__input-1\" placeholder=\"\" value=\"\" type=\"search\" name=\"s\" required \/><button aria-label=\"Suche\" class=\"wp-block-search__button wp-element-button\" type=\"submit\" >Suche<\/button><\/div><\/form><\/li>\n<li id=\"block-7\" class=\"widget widget_block\">\n<h2 class=\"wp-block-heading\">Anfrage senden<\/h2>\n<\/li>\n<li id=\"block-8\" class=\"widget widget_block\"><div class=\"mphb_sc_search-wrapper \">\n<form method=\"GET\" class=\"mphb_sc_search-form\" action=\"https:\/\/beachhousesmauritius.com\/de\/searchy\/\" data-first_available_check_in_date=\"2026-04-30\">\n\n\t<p class = \"mphb-required-fields-tip\">\n\t<small>\n\t\tErforderliche Felder werden gefolgt von\t\t<abbr title=\"required\">*<\/abbr>\n\t<\/small>\n<\/p>\n\n\t<p class=\"mphb_sc_search-check-in-date\">\n\t\t<label for=\"mphb_check_in_date-mphb-search-form-69ea53877ad34\">\n\t\t\tAnreise\t\t\t<abbr title=\"Formatiert als dd\/mm\/yyyy\">*<\/abbr>\n\t\t<\/label>\n\t\t<br \/>\n\t\t<input\n\t\t\tid=\"mphb_check_in_date-mphb-search-form-69ea53877ad34\"\n\t\t\tdata-datepick-group=\"mphb-search-form-69ea53877ad34\"\n\t\t\tvalue=\"\"\n\t\t\tplaceholder=\"Anreisedatum\"\n\t\t\trequired=\"required\"\n\t\t\ttype=\"text\"\n\t\t\tinputmode=\"none\"\n\t\t\tname=\"mphb_check_in_date\"\n\t\t\tclass=\"mphb-datepick\"\n\t\t\tautocomplete=\"off\"\n\t\t\t\/>\n\t<\/p>\n\n\t<p class=\"mphb_sc_search-check-out-date\">\n\t\t<label for=\"mphb_check_out_date-mphb-search-form-69ea53877ad34\">\n\t\t\tAbreise\t\t\t<abbr title=\"Formatiert als dd\/mm\/yyyy\">*<\/abbr>\n\t\t<\/label>\n\t\t<br \/>\n\t\t<input\n\t\t\tid=\"mphb_check_out_date-mphb-search-form-69ea53877ad34\"\n\t\t\tdata-datepick-group=\"mphb-search-form-69ea53877ad34\"\n\t\t\tvalue=\"\"\n\t\t\tplaceholder=\"Abreisedatum\"\n\t\t\trequired=\"required\"\n\t\t\ttype=\"text\"\n\t\t\tinputmode=\"none\"\n\t\t\tname=\"mphb_check_out_date\"\n\t\t\tclass=\"mphb-datepick\"\n\t\t\tautocomplete=\"off\"\n\t\t\t\/>\n\t<\/p>\n\n\t\t\t<p class=\"mphb_sc_search-adults\">\n\t\t\t<label for=\"mphb_adults-mphb-search-form-69ea53877ad34\">\n\t\t\t\tErwachsene\t\t\t<\/label>\n\t\t\t<br \/>\n\t\t\t<select id=\"mphb_adults-mphb-search-form-69ea53877ad34\" name=\"mphb_adults\" >\n\t\t\t\t\t\t\t\t\t<option value=\"1\"  selected='selected'>1<\/option>\n\t\t\t\t\t\t\t\t\t<option value=\"2\" >2<\/option>\n\t\t\t\t\t\t\t\t\t<option value=\"3\" >3<\/option>\n\t\t\t\t\t\t\t\t\t<option value=\"4\" >4<\/option>\n\t\t\t\t\t\t\t\t\t<option value=\"5\" >5<\/option>\n\t\t\t\t\t\t\t\t\t<option value=\"6\" >6<\/option>\n\t\t\t\t\t\t\t\t\t<option value=\"7\" >7<\/option>\n\t\t\t\t\t\t\t\t\t<option value=\"8\" >8<\/option>\n\t\t\t\t\t\t\t\t\t<option value=\"9\" >9<\/option>\n\t\t\t\t\t\t\t\t\t<option value=\"10\" >10<\/option>\n\t\t\t\t\t\t\t\t\t<option value=\"11\" >11<\/option>\n\t\t\t\t\t\t\t\t\t<option value=\"12\" >12<\/option>\n\t\t\t\t\t\t\t\t\t<option value=\"13\" >13<\/option>\n\t\t\t\t\t\t\t\t\t<option value=\"14\" >14<\/option>\n\t\t\t\t\t\t\t\t\t<option value=\"15\" >15<\/option>\n\t\t\t\t\t\t\t<\/select>\n\t\t<\/p>\n\t\n\t\t\t<p class=\"mphb_sc_search-children\">\n\t\t\t<label for=\"mphb_children-mphb-search-form-69ea53877ad34\">\n\t\t\t\tKinder (\u00fcber 2 und unter 12 Jahren)\t\t\t<\/label>\n\t\t\t<br \/>\n\t\t\t<select id=\"mphb_children-mphb-search-form-69ea53877ad34\" name=\"mphb_children\">\n\t\t\t\t\t\t\t\t\t<option value=\"0\"  selected='selected'>0<\/option>\n\t\t\t\t\t\t\t\t\t<option value=\"1\" >1<\/option>\n\t\t\t\t\t\t\t\t\t<option value=\"2\" >2<\/option>\n\t\t\t\t\t\t\t\t\t<option value=\"3\" >3<\/option>\n\t\t\t\t\t\t\t\t\t<option value=\"4\" >4<\/option>\n\t\t\t\t\t\t\t\t\t<option value=\"5\" >5<\/option>\n\t\t\t\t\t\t\t\t\t<option value=\"6\" >6<\/option>\n\t\t\t\t\t\t\t\t\t<option value=\"7\" >7<\/option>\n\t\t\t\t\t\t\t\t\t<option value=\"8\" >8<\/option>\n\t\t\t\t\t\t\t\t\t<option value=\"9\" >9<\/option>\n\t\t\t\t\t\t\t<\/select>\n\t\t<\/p>\n\t\n\t\n\t\n\t<input id=\"mphb_check_in_date-mphb-search-form-69ea53877ad34-hidden\" value=\"\" type=\"hidden\" name=\"mphb_check_in_date\" \/><input id=\"mphb_check_out_date-mphb-search-form-69ea53877ad34-hidden\" value=\"\" type=\"hidden\" name=\"mphb_check_out_date\" \/>\n\t<p class=\"mphb_sc_search-submit-button-wrapper\">\n\t\t<input type=\"submit\" class=\"button\" value=\"Suche\"\/>\n\t<\/p>\n\n\t\n<\/form>\n<\/div><\/li>\n<li id=\"block-11\" class=\"widget widget_block\">\n<h2 class=\"wp-block-heading\">Tags<\/h2>\n<\/li>\n<li id=\"block-12\" class=\"widget widget_block widget_tag_cloud\"><p class=\"wp-block-tag-cloud\"><a href=\"https:\/\/beachhousesmauritius.com\/de\/accommodation-tag\/aktives-strandleben-de\/\" class=\"tag-cloud-link tag-link-295 tag-link-position-1\" style=\"font-size: 8.1pt;\" aria-label=\"Aktives Strandleben (10\u00a0Eintr\u00e4ge)\">Aktives Strandleben<\/a>\n<a href=\"https:\/\/beachhousesmauritius.com\/de\/accommodation-tag\/einkaufsmoglichkeiten-fusslaeufig-de\/\" class=\"tag-cloud-link tag-link-300 tag-link-position-2\" style=\"font-size: 8.1pt;\" aria-label=\"Einkaufsm\u00f6glichkeiten fu\u00dfl\u00e4ufig (13\u00a0Eintr\u00e4ge)\">Einkaufsm\u00f6glichkeiten fu\u00dfl\u00e4ufig<\/a>\n<a href=\"https:\/\/beachhousesmauritius.com\/de\/accommodation-tag\/golfplatz-in-der-naehe-de\/\" class=\"tag-cloud-link tag-link-293 tag-link-position-3\" style=\"font-size: 8.1pt;\" aria-label=\"Golfplatz in der N\u00e4he (10\u00a0Eintr\u00e4ge)\">Golfplatz in der N\u00e4he<\/a>\n<a href=\"https:\/\/beachhousesmauritius.com\/de\/accommodation-tag\/mietwagen-empfohlen-de\/\" class=\"tag-cloud-link tag-link-291 tag-link-position-4\" style=\"font-size: 8.1pt;\" aria-label=\"Mietwagen empfohlen (5\u00a0Eintr\u00e4ge)\">Mietwagen empfohlen<\/a>\n<a href=\"https:\/\/beachhousesmauritius.com\/de\/accommodation-tag\/rollstuhlgerecht-de\/\" class=\"tag-cloud-link tag-link-264 tag-link-position-5\" style=\"font-size: 8.1pt;\" aria-label=\"rollstuhlgerecht (2\u00a0Eintr\u00e4ge)\">rollstuhlgerecht<\/a>\n<a href=\"https:\/\/beachhousesmauritius.com\/de\/accommodation-tag\/ruhig-am-strand-gelegen-de\/\" class=\"tag-cloud-link tag-link-260 tag-link-position-6\" style=\"font-size: 8.1pt;\" aria-label=\"Ruhig am Strand gelegen (8\u00a0Eintr\u00e4ge)\">Ruhig am Strand gelegen<\/a>\n<a href=\"https:\/\/beachhousesmauritius.com\/de\/accommodation-tag\/ruhiger-tropischer-garten-de\/\" class=\"tag-cloud-link tag-link-298 tag-link-position-7\" style=\"font-size: 8.1pt;\" aria-label=\"Ruhiger tropischer Garten (6\u00a0Eintr\u00e4ge)\">Ruhiger tropischer Garten<\/a><\/p><\/li>\n<li id=\"block-13\" class=\"widget widget_block\">\n<h2 class=\"wp-block-heading\">News<\/h2>\n<\/li>\n<li id=\"block-14\" class=\"widget widget_block widget_recent_entries\"><ul class=\"wp-block-latest-posts__list wp-block-latest-posts\"><li><a class=\"wp-block-latest-posts__post-title\" href=\"https:\/\/beachhousesmauritius.com\/de\/5-x-was-man-sehen-muss-in-mauritius\/\">5 x Was man sehen muss in Mauritius<\/a><\/li>\n<li><a class=\"wp-block-latest-posts__post-title\" href=\"https:\/\/beachhousesmauritius.com\/de\/mauritius-entdecken\/\">Mauritius entdecken<\/a><\/li>\n<li><a class=\"wp-block-latest-posts__post-title\" href=\"https:\/\/beachhousesmauritius.com\/de\/planning-a-family-reunion-or-friends-getaway-see-our-perfect-accommodation-pairings\/\">Planning a Family Reunion or Friends Getaway ? See OUR PERFECT ACCOMMODATION PAIRINGS<\/a><\/li>\n<li><a class=\"wp-block-latest-posts__post-title\" href=\"https:\/\/beachhousesmauritius.com\/de\/availability-january-april-2025-2\/\">\ud83c\udfd6\ufe0f M\u00f6chten Sie Mauritius erleben, ohne Ihr Bankkonto leer zu r\u00e4umen? Entdecken Sie unsere Angebote!<\/a><\/li>\n<\/ul><\/li>\n\t\t\t\t<\/div>\n\t\t\t\t<\/div>\n\t\t\t\t\t<\/div>\n\t\t\t\t<\/div>\n\t\t\t\t<\/div>\n\t\t","protected":false},"excerpt":{"rendered":"<p>Unsere Villen derzeit im Angebot Pointe d&#8217;Azur B1 &#8211; Pereybere Details Guests: 6 Amenities: Beachfront, Wheelchair friendly Categories: Comfort Plus Beachfront, Modern Beachfront, On Special, Private pool Bedrooms: 3 Bathrooms: 3 Location: North Prices start at: &euro;450 per night (+taxes and fees) Villa Tacasita &#8211; Pereybere Details Guests: 8 View: Seaside View Categories: Comfort Plus [&hellip;]<\/p>\n","protected":false},"author":1,"featured_media":205221,"parent":0,"menu_order":0,"comment_status":"closed","ping_status":"closed","template":"elementor_theme","meta":{"_acf_changed":false,"inline_featured_image":false,"footnotes":""},"class_list":["post-4805","page","type-page","status-publish","has-post-thumbnail","hentry"],"acf":[],"_links":{"self":[{"href":"https:\/\/beachhousesmauritius.com\/de\/wp-json\/wp\/v2\/pages\/4805","targetHints":{"allow":["GET"]}}],"collection":[{"href":"https:\/\/beachhousesmauritius.com\/de\/wp-json\/wp\/v2\/pages"}],"about":[{"href":"https:\/\/beachhousesmauritius.com\/de\/wp-json\/wp\/v2\/types\/page"}],"author":[{"embeddable":true,"href":"https:\/\/beachhousesmauritius.com\/de\/wp-json\/wp\/v2\/users\/1"}],"replies":[{"embeddable":true,"href":"https:\/\/beachhousesmauritius.com\/de\/wp-json\/wp\/v2\/comments?post=4805"}],"version-history":[{"count":12,"href":"https:\/\/beachhousesmauritius.com\/de\/wp-json\/wp\/v2\/pages\/4805\/revisions"}],"predecessor-version":[{"id":206740,"href":"https:\/\/beachhousesmauritius.com\/de\/wp-json\/wp\/v2\/pages\/4805\/revisions\/206740"}],"wp:featuredmedia":[{"embeddable":true,"href":"https:\/\/beachhousesmauritius.com\/de\/wp-json\/wp\/v2\/media\/205221"}],"wp:attachment":[{"href":"https:\/\/beachhousesmauritius.com\/de\/wp-json\/wp\/v2\/media?parent=4805"}],"curies":[{"name":"wp","href":"https:\/\/api.w.org\/{rel}","templated":true}]}}