{"id":205598,"date":"2026-03-23T16:29:00","date_gmt":"2026-03-23T12:29:00","guid":{"rendered":"https:\/\/beachhousesmauritius.com\/searchy\/"},"modified":"2026-03-26T22:23:03","modified_gmt":"2026-03-26T18:23:03","slug":"searchy","status":"publish","type":"page","link":"https:\/\/beachhousesmauritius.com\/de\/searchy\/","title":{"rendered":"Suchergebnisse"},"content":{"rendered":"\t\t<div data-elementor-type=\"wp-page\" data-elementor-id=\"205598\" class=\"elementor elementor-205598 elementor-205594\" data-elementor-post-type=\"page\">\n\t\t\t\t\t\t<section class=\"elementor-section elementor-top-section elementor-element elementor-element-c2acf1c elementor-section-full_width elementor-section-height-min-height elementor-section-height-default elementor-section-items-middle\" data-id=\"c2acf1c\" data-element_type=\"section\" data-e-type=\"section\" data-settings=\"{&quot;background_background&quot;:&quot;classic&quot;}\">\n\t\t\t\t\t\t\t<div class=\"elementor-background-overlay\"><\/div>\n\t\t\t\t\t\t\t<div class=\"elementor-container elementor-column-gap-default\">\n\t\t\t\t\t<div class=\"elementor-column elementor-col-100 elementor-top-column elementor-element elementor-element-d3abc97\" data-id=\"d3abc97\" data-element_type=\"column\" data-e-type=\"column\">\n\t\t\t<div class=\"elementor-widget-wrap elementor-element-populated\">\n\t\t\t\t\t\t<div class=\"elementor-element elementor-element-0bce052 elementor-widget elementor-widget-heading\" data-id=\"0bce052\" data-element_type=\"widget\" data-e-type=\"widget\" data-widget_type=\"heading.default\">\n\t\t\t\t\t<h2 class=\"elementor-heading-title elementor-size-default\">Suchergebnisse<\/h2>\t\t\t\t<\/div>\n\t\t\t\t\t<\/div>\n\t\t<\/div>\n\t\t\t\t\t<\/div>\n\t\t<\/section>\n\t\t<div class=\"elementor-element elementor-element-3825cf1 e-flex e-con-boxed e-con e-parent\" data-id=\"3825cf1\" data-element_type=\"container\" data-e-type=\"container\" data-settings=\"{&quot;background_background&quot;:&quot;classic&quot;}\">\n\t\t\t\t\t<div class=\"e-con-inner\">\n\t\t<div class=\"elementor-element elementor-element-05731b4 e-con-full e-flex e-con e-child\" data-id=\"05731b4\" data-element_type=\"container\" data-e-type=\"container\">\n\t\t\t\t<div class=\"elementor-element elementor-element-2620fe5 bh-hp-properties elementor-widget elementor-widget-shortcode\" data-id=\"2620fe5\" data-element_type=\"widget\" data-e-type=\"widget\" data-widget_type=\"shortcode.default\">\n\t\t\t\t\t\t\t<div class=\"elementor-shortcode\"><div class=\"mphb_sc_search_results-wrapper searchnew\"><div class=\"mphb-errors-wrapper\">\n\t<\/div>\n<\/div><\/div>\n\t\t\t\t\t\t<\/div>\n\t\t\t\t<\/div>\n\t\t<div class=\"elementor-element elementor-element-2f1c128 e-con-full bhm-sidebar-container e-flex e-con e-child\" data-id=\"2f1c128\" data-element_type=\"container\" data-e-type=\"container\" data-settings=\"{&quot;background_background&quot;:&quot;classic&quot;}\">\n\t\t\t\t<div class=\"elementor-element elementor-element-211a762 elementor-widget elementor-widget-sidebar\" data-id=\"211a762\" data-element_type=\"widget\" data-e-type=\"widget\" data-widget_type=\"sidebar.default\">\n\t\t\t\t\t<li id=\"block-9\" class=\"widget widget_block\">\n<h2 class=\"wp-block-heading\">Villen suchen<\/h2>\n<\/li>\n<li id=\"block-10\" class=\"widget widget_block widget_search\"><form role=\"search\" method=\"get\" action=\"https:\/\/beachhousesmauritius.com\/de\/\" class=\"wp-block-search__button-outside wp-block-search__text-button wp-block-search\"    ><label class=\"wp-block-search__label\" for=\"wp-block-search__input-1\" >Suche<\/label><div class=\"wp-block-search__inside-wrapper\" ><input class=\"wp-block-search__input\" id=\"wp-block-search__input-1\" placeholder=\"\" value=\"\" type=\"search\" name=\"s\" required \/><button aria-label=\"Suche\" class=\"wp-block-search__button wp-element-button\" type=\"submit\" >Suche<\/button><\/div><\/form><\/li>\n<li id=\"block-7\" class=\"widget widget_block\">\n<h2 class=\"wp-block-heading\">Anfrage senden<\/h2>\n<\/li>\n<li id=\"block-8\" class=\"widget widget_block\"><div class=\"mphb_sc_search-wrapper \">\n<form method=\"GET\" class=\"mphb_sc_search-form\" action=\"https:\/\/beachhousesmauritius.com\/de\/searchy\/\" data-first_available_check_in_date=\"2026-05-08\">\n\n\t<p class = \"mphb-required-fields-tip\">\n\t<small>\n\t\tErforderliche Felder werden gefolgt von\t\t<abbr title=\"required\">*<\/abbr>\n\t<\/small>\n<\/p>\n\n\t<p class=\"mphb_sc_search-check-in-date\">\n\t\t<label for=\"mphb_check_in_date-mphb-search-form-69f4b55bf1c66\">\n\t\t\tAnreise\t\t\t<abbr title=\"Formatiert als dd\/mm\/yyyy\">*<\/abbr>\n\t\t<\/label>\n\t\t<br \/>\n\t\t<input\n\t\t\tid=\"mphb_check_in_date-mphb-search-form-69f4b55bf1c66\"\n\t\t\tdata-datepick-group=\"mphb-search-form-69f4b55bf1c66\"\n\t\t\tvalue=\"\"\n\t\t\tplaceholder=\"Anreisedatum\"\n\t\t\trequired=\"required\"\n\t\t\ttype=\"text\"\n\t\t\tinputmode=\"none\"\n\t\t\tname=\"mphb_check_in_date\"\n\t\t\tclass=\"mphb-datepick\"\n\t\t\tautocomplete=\"off\"\n\t\t\t\/>\n\t<\/p>\n\n\t<p class=\"mphb_sc_search-check-out-date\">\n\t\t<label for=\"mphb_check_out_date-mphb-search-form-69f4b55bf1c66\">\n\t\t\tAbreise\t\t\t<abbr title=\"Formatiert als dd\/mm\/yyyy\">*<\/abbr>\n\t\t<\/label>\n\t\t<br \/>\n\t\t<input\n\t\t\tid=\"mphb_check_out_date-mphb-search-form-69f4b55bf1c66\"\n\t\t\tdata-datepick-group=\"mphb-search-form-69f4b55bf1c66\"\n\t\t\tvalue=\"\"\n\t\t\tplaceholder=\"Abreisedatum\"\n\t\t\trequired=\"required\"\n\t\t\ttype=\"text\"\n\t\t\tinputmode=\"none\"\n\t\t\tname=\"mphb_check_out_date\"\n\t\t\tclass=\"mphb-datepick\"\n\t\t\tautocomplete=\"off\"\n\t\t\t\/>\n\t<\/p>\n\n\t\t\t<p class=\"mphb_sc_search-adults\">\n\t\t\t<label for=\"mphb_adults-mphb-search-form-69f4b55bf1c66\">\n\t\t\t\tErwachsene\t\t\t<\/label>\n\t\t\t<br \/>\n\t\t\t<select id=\"mphb_adults-mphb-search-form-69f4b55bf1c66\" name=\"mphb_adults\" >\n\t\t\t\t\t\t\t\t\t<option value=\"1\"  selected='selected'>1<\/option>\n\t\t\t\t\t\t\t\t\t<option value=\"2\" >2<\/option>\n\t\t\t\t\t\t\t\t\t<option value=\"3\" >3<\/option>\n\t\t\t\t\t\t\t\t\t<option value=\"4\" >4<\/option>\n\t\t\t\t\t\t\t\t\t<option value=\"5\" >5<\/option>\n\t\t\t\t\t\t\t\t\t<option value=\"6\" >6<\/option>\n\t\t\t\t\t\t\t\t\t<option value=\"7\" >7<\/option>\n\t\t\t\t\t\t\t\t\t<option value=\"8\" >8<\/option>\n\t\t\t\t\t\t\t\t\t<option value=\"9\" >9<\/option>\n\t\t\t\t\t\t\t\t\t<option value=\"10\" >10<\/option>\n\t\t\t\t\t\t\t\t\t<option value=\"11\" >11<\/option>\n\t\t\t\t\t\t\t\t\t<option value=\"12\" >12<\/option>\n\t\t\t\t\t\t\t\t\t<option value=\"13\" >13<\/option>\n\t\t\t\t\t\t\t\t\t<option value=\"14\" >14<\/option>\n\t\t\t\t\t\t\t\t\t<option value=\"15\" >15<\/option>\n\t\t\t\t\t\t\t<\/select>\n\t\t<\/p>\n\t\n\t\t\t<p class=\"mphb_sc_search-children\">\n\t\t\t<label for=\"mphb_children-mphb-search-form-69f4b55bf1c66\">\n\t\t\t\tKinder (\u00fcber 2 und unter 12 Jahren)\t\t\t<\/label>\n\t\t\t<br \/>\n\t\t\t<select id=\"mphb_children-mphb-search-form-69f4b55bf1c66\" name=\"mphb_children\">\n\t\t\t\t\t\t\t\t\t<option value=\"0\"  selected='selected'>0<\/option>\n\t\t\t\t\t\t\t\t\t<option value=\"1\" >1<\/option>\n\t\t\t\t\t\t\t\t\t<option value=\"2\" >2<\/option>\n\t\t\t\t\t\t\t\t\t<option value=\"3\" >3<\/option>\n\t\t\t\t\t\t\t\t\t<option value=\"4\" >4<\/option>\n\t\t\t\t\t\t\t\t\t<option value=\"5\" >5<\/option>\n\t\t\t\t\t\t\t\t\t<option value=\"6\" >6<\/option>\n\t\t\t\t\t\t\t\t\t<option value=\"7\" >7<\/option>\n\t\t\t\t\t\t\t\t\t<option value=\"8\" >8<\/option>\n\t\t\t\t\t\t\t\t\t<option value=\"9\" >9<\/option>\n\t\t\t\t\t\t\t<\/select>\n\t\t<\/p>\n\t\n\t\n\t\n\t<input id=\"mphb_check_in_date-mphb-search-form-69f4b55bf1c66-hidden\" value=\"\" type=\"hidden\" name=\"mphb_check_in_date\" \/><input id=\"mphb_check_out_date-mphb-search-form-69f4b55bf1c66-hidden\" value=\"\" type=\"hidden\" name=\"mphb_check_out_date\" \/>\n\t<p class=\"mphb_sc_search-submit-button-wrapper\">\n\t\t<input type=\"submit\" class=\"button\" value=\"Suche\"\/>\n\t<\/p>\n\n\t\n<\/form>\n<\/div><\/li>\n<li id=\"block-11\" class=\"widget widget_block\">\n<h2 class=\"wp-block-heading\">Tags<\/h2>\n<\/li>\n<li id=\"block-12\" class=\"widget widget_block widget_tag_cloud\"><p class=\"wp-block-tag-cloud\"><a href=\"https:\/\/beachhousesmauritius.com\/de\/accommodation-tag\/aktives-strandleben-de\/\" class=\"tag-cloud-link tag-link-295 tag-link-position-1\" style=\"font-size: 8.1pt;\" aria-label=\"Aktives Strandleben (10\u00a0Eintr\u00e4ge)\">Aktives Strandleben<\/a>\n<a href=\"https:\/\/beachhousesmauritius.com\/de\/accommodation-tag\/einkaufsmoglichkeiten-fusslaeufig-de\/\" class=\"tag-cloud-link tag-link-300 tag-link-position-2\" style=\"font-size: 8.1pt;\" aria-label=\"Einkaufsm\u00f6glichkeiten fu\u00dfl\u00e4ufig (13\u00a0Eintr\u00e4ge)\">Einkaufsm\u00f6glichkeiten fu\u00dfl\u00e4ufig<\/a>\n<a href=\"https:\/\/beachhousesmauritius.com\/de\/accommodation-tag\/golfplatz-in-der-naehe-de\/\" class=\"tag-cloud-link tag-link-293 tag-link-position-3\" style=\"font-size: 8.1pt;\" aria-label=\"Golfplatz in der N\u00e4he (10\u00a0Eintr\u00e4ge)\">Golfplatz in der N\u00e4he<\/a>\n<a href=\"https:\/\/beachhousesmauritius.com\/de\/accommodation-tag\/mietwagen-empfohlen-de\/\" class=\"tag-cloud-link tag-link-291 tag-link-position-4\" style=\"font-size: 8.1pt;\" aria-label=\"Mietwagen empfohlen (5\u00a0Eintr\u00e4ge)\">Mietwagen empfohlen<\/a>\n<a href=\"https:\/\/beachhousesmauritius.com\/de\/accommodation-tag\/rollstuhlgerecht-de\/\" class=\"tag-cloud-link tag-link-264 tag-link-position-5\" style=\"font-size: 8.1pt;\" aria-label=\"rollstuhlgerecht (2\u00a0Eintr\u00e4ge)\">rollstuhlgerecht<\/a>\n<a href=\"https:\/\/beachhousesmauritius.com\/de\/accommodation-tag\/ruhig-am-strand-gelegen-de\/\" class=\"tag-cloud-link tag-link-260 tag-link-position-6\" style=\"font-size: 8.1pt;\" aria-label=\"Ruhig am Strand gelegen (8\u00a0Eintr\u00e4ge)\">Ruhig am Strand gelegen<\/a>\n<a href=\"https:\/\/beachhousesmauritius.com\/de\/accommodation-tag\/ruhiger-tropischer-garten-de\/\" class=\"tag-cloud-link tag-link-298 tag-link-position-7\" style=\"font-size: 8.1pt;\" aria-label=\"Ruhiger tropischer Garten (6\u00a0Eintr\u00e4ge)\">Ruhiger tropischer Garten<\/a><\/p><\/li>\n<li id=\"block-13\" class=\"widget widget_block\">\n<h2 class=\"wp-block-heading\">News<\/h2>\n<\/li>\n<li id=\"block-14\" class=\"widget widget_block widget_recent_entries\"><ul class=\"wp-block-latest-posts__list wp-block-latest-posts\"><li><a class=\"wp-block-latest-posts__post-title\" href=\"https:\/\/beachhousesmauritius.com\/de\/5-x-was-man-sehen-muss-in-mauritius\/\">5 x Was man sehen muss in Mauritius<\/a><\/li>\n<li><a class=\"wp-block-latest-posts__post-title\" href=\"https:\/\/beachhousesmauritius.com\/de\/mauritius-entdecken\/\">Mauritius entdecken<\/a><\/li>\n<li><a class=\"wp-block-latest-posts__post-title\" href=\"https:\/\/beachhousesmauritius.com\/de\/planning-a-family-reunion-or-friends-getaway-see-our-perfect-accommodation-pairings\/\">Planning a Family Reunion or Friends Getaway ? See OUR PERFECT ACCOMMODATION PAIRINGS<\/a><\/li>\n<li><a class=\"wp-block-latest-posts__post-title\" href=\"https:\/\/beachhousesmauritius.com\/de\/availability-january-april-2025-2\/\">\ud83c\udfd6\ufe0f M\u00f6chten Sie Mauritius erleben, ohne Ihr Bankkonto leer zu r\u00e4umen? Entdecken Sie unsere Angebote!<\/a><\/li>\n<\/ul><\/li>\n\t\t\t\t<\/div>\n\t\t\t\t<\/div>\n\t\t\t\t\t<\/div>\n\t\t\t\t<\/div>\n\t\t\t\t<\/div>\n\t\t","protected":false},"excerpt":{"rendered":"","protected":false},"author":1,"featured_media":205802,"parent":0,"menu_order":0,"comment_status":"closed","ping_status":"closed","template":"","meta":{"_acf_changed":false,"inline_featured_image":false,"footnotes":""},"class_list":["post-205598","page","type-page","status-publish","has-post-thumbnail","hentry"],"acf":[],"_links":{"self":[{"href":"https:\/\/beachhousesmauritius.com\/de\/wp-json\/wp\/v2\/pages\/205598","targetHints":{"allow":["GET"]}}],"collection":[{"href":"https:\/\/beachhousesmauritius.com\/de\/wp-json\/wp\/v2\/pages"}],"about":[{"href":"https:\/\/beachhousesmauritius.com\/de\/wp-json\/wp\/v2\/types\/page"}],"author":[{"embeddable":true,"href":"https:\/\/beachhousesmauritius.com\/de\/wp-json\/wp\/v2\/users\/1"}],"replies":[{"embeddable":true,"href":"https:\/\/beachhousesmauritius.com\/de\/wp-json\/wp\/v2\/comments?post=205598"}],"version-history":[{"count":3,"href":"https:\/\/beachhousesmauritius.com\/de\/wp-json\/wp\/v2\/pages\/205598\/revisions"}],"predecessor-version":[{"id":206179,"href":"https:\/\/beachhousesmauritius.com\/de\/wp-json\/wp\/v2\/pages\/205598\/revisions\/206179"}],"wp:featuredmedia":[{"embeddable":true,"href":"https:\/\/beachhousesmauritius.com\/de\/wp-json\/wp\/v2\/media\/205802"}],"wp:attachment":[{"href":"https:\/\/beachhousesmauritius.com\/de\/wp-json\/wp\/v2\/media?parent=205598"}],"curies":[{"name":"wp","href":"https:\/\/api.w.org\/{rel}","templated":true}]}}