{"id":11679,"date":"2020-09-07T06:13:20","date_gmt":"2020-09-07T02:13:20","guid":{"rendered":"https:\/\/beachhousesmauritius.com\/gut-zu-wissen\/guestbook\/"},"modified":"2026-03-19T08:47:15","modified_gmt":"2026-03-19T04:47:15","slug":"gaestebuch-bewertungen","status":"publish","type":"page","link":"https:\/\/beachhousesmauritius.com\/de\/gut-zu-wissen\/gaestebuch-bewertungen\/","title":{"rendered":"G\u00e4stebuch - Bewertungen"},"content":{"rendered":"\t\t<div data-elementor-type=\"wp-page\" data-elementor-id=\"11679\" class=\"elementor elementor-11679 elementor-10738\" data-elementor-post-type=\"page\">\n\t\t\t\t\t\t<section class=\"elementor-section elementor-top-section elementor-element elementor-element-38cbf98 elementor-section-full_width elementor-section-height-min-height elementor-section-height-default elementor-section-items-middle\" data-id=\"38cbf98\" data-element_type=\"section\" data-e-type=\"section\" data-settings=\"{&quot;background_background&quot;:&quot;classic&quot;}\">\n\t\t\t\t\t\t\t<div class=\"elementor-background-overlay\"><\/div>\n\t\t\t\t\t\t\t<div class=\"elementor-container elementor-column-gap-default\">\n\t\t\t\t\t<div class=\"elementor-column elementor-col-100 elementor-top-column elementor-element elementor-element-50f7a7b\" data-id=\"50f7a7b\" data-element_type=\"column\" data-e-type=\"column\">\n\t\t\t<div class=\"elementor-widget-wrap elementor-element-populated\">\n\t\t\t\t\t\t<div class=\"elementor-element elementor-element-d9e7910 elementor-widget elementor-widget-heading\" data-id=\"d9e7910\" data-element_type=\"widget\" data-e-type=\"widget\" data-widget_type=\"heading.default\">\n\t\t\t\t\t<h2 class=\"elementor-heading-title elementor-size-default\">G\u00e4stebuch - Bewertungen<\/h2>\t\t\t\t<\/div>\n\t\t\t\t\t<\/div>\n\t\t<\/div>\n\t\t\t\t\t<\/div>\n\t\t<\/section>\n\t\t<div class=\"elementor-element elementor-element-b048f77 e-flex e-con-boxed e-con e-parent\" data-id=\"b048f77\" data-element_type=\"container\" data-e-type=\"container\" data-settings=\"{&quot;background_background&quot;:&quot;classic&quot;}\">\n\t\t\t\t\t<div class=\"e-con-inner\">\n\t\t<div class=\"elementor-element elementor-element-ee88b82 e-con-full e-flex e-con e-child\" data-id=\"ee88b82\" data-element_type=\"container\" data-e-type=\"container\">\n\t\t<div class=\"elementor-element elementor-element-fffb8e9 e-con-full e-flex e-con e-child\" data-id=\"fffb8e9\" data-element_type=\"container\" data-e-type=\"container\">\n\t\t<div class=\"elementor-element elementor-element-fafacaa e-con-full e-flex e-con e-child\" data-id=\"fafacaa\" data-element_type=\"container\" data-e-type=\"container\">\n\t\t\t\t<div class=\"elementor-element elementor-element-ca10f51 elementor-widget elementor-widget-heading\" data-id=\"ca10f51\" data-element_type=\"widget\" data-e-type=\"widget\" data-widget_type=\"heading.default\">\n\t\t\t\t\t<h2 class=\"elementor-heading-title elementor-size-default\">G\u00c4STE TRATSCH und KLATSCH \ud83d\ude0e G\u00e4ste Bewertungen<\/h2>\t\t\t\t<\/div>\n\t\t\t\t<div class=\"elementor-element elementor-element-08f0744 elementor-widget elementor-widget-text-editor\" data-id=\"08f0744\" data-element_type=\"widget\" data-e-type=\"widget\" data-widget_type=\"text-editor.default\">\n\t\t\t\t\t\t\t\t\t<script src=\"https:\/\/apps.elfsight.com\/p\/platform.js\" defer><\/script>\n<div class=\"elfsight-app-47c2f6b1-1c07-4a65-a925-d91a5e551295\"><\/div> \t\t\t\t\t\t\t\t<\/div>\n\t\t\t\t<\/div>\n\t\t\t\t<\/div>\n\t\t<div class=\"elementor-element elementor-element-acb9718 e-con-full e-flex e-con e-child\" data-id=\"acb9718\" data-element_type=\"container\" data-e-type=\"container\">\n\t\t<div class=\"elementor-element elementor-element-c81019e e-con-full e-flex e-con e-child\" data-id=\"c81019e\" data-element_type=\"container\" data-e-type=\"container\">\n\t\t\t\t<div class=\"elementor-element elementor-element-dacac4d elementor-widget elementor-widget-text-editor\" data-id=\"dacac4d\" data-element_type=\"widget\" data-e-type=\"widget\" data-widget_type=\"text-editor.default\">\n\t\t\t\t\t\t\t\t\t<p><script src=\"https:\/\/apps.elfsight.com\/p\/platform.js\" defer><\/script><\/p><div class=\"elfsight-app-b2250ed0-220e-4241-b2c5-381cfad3a1fd\">\u00a0<\/div>\t\t\t\t\t\t\t\t<\/div>\n\t\t\t\t<\/div>\n\t\t\t\t<\/div>\n\t\t\t\t<\/div>\n\t\t<div class=\"elementor-element elementor-element-1f7f9dc e-con-full bhm-sidebar-container e-flex e-con e-child\" data-id=\"1f7f9dc\" data-element_type=\"container\" data-e-type=\"container\" data-settings=\"{&quot;background_background&quot;:&quot;classic&quot;}\">\n\t\t\t\t<div class=\"elementor-element elementor-element-47be24f elementor-widget elementor-widget-sidebar\" data-id=\"47be24f\" data-element_type=\"widget\" data-e-type=\"widget\" data-widget_type=\"sidebar.default\">\n\t\t\t\t\t<li id=\"block-9\" class=\"widget widget_block\">\n<h2 class=\"wp-block-heading\">Villen suchen<\/h2>\n<\/li>\n<li id=\"block-10\" class=\"widget widget_block widget_search\"><form role=\"search\" method=\"get\" action=\"https:\/\/beachhousesmauritius.com\/de\/\" class=\"wp-block-search__button-outside wp-block-search__text-button wp-block-search\"    ><label class=\"wp-block-search__label\" for=\"wp-block-search__input-1\" >Suche<\/label><div class=\"wp-block-search__inside-wrapper\" ><input class=\"wp-block-search__input\" id=\"wp-block-search__input-1\" placeholder=\"\" value=\"\" type=\"search\" name=\"s\" required \/><button aria-label=\"Suche\" class=\"wp-block-search__button wp-element-button\" type=\"submit\" >Suche<\/button><\/div><\/form><\/li>\n<li id=\"block-7\" class=\"widget widget_block\">\n<h2 class=\"wp-block-heading\">Anfrage senden<\/h2>\n<\/li>\n<li id=\"block-8\" class=\"widget widget_block\"><div class=\"mphb_sc_search-wrapper \">\n<form method=\"GET\" class=\"mphb_sc_search-form\" action=\"https:\/\/beachhousesmauritius.com\/de\/searchy\/\" data-first_available_check_in_date=\"2026-04-25\">\n\n\t<p class = \"mphb-required-fields-tip\">\n\t<small>\n\t\tErforderliche Felder werden gefolgt von\t\t<abbr title=\"required\">*<\/abbr>\n\t<\/small>\n<\/p>\n\n\t<p class=\"mphb_sc_search-check-in-date\">\n\t\t<label for=\"mphb_check_in_date-mphb-search-form-69e34e5cc45c3\">\n\t\t\tAnreise\t\t\t<abbr title=\"Formatiert als dd\/mm\/yyyy\">*<\/abbr>\n\t\t<\/label>\n\t\t<br \/>\n\t\t<input\n\t\t\tid=\"mphb_check_in_date-mphb-search-form-69e34e5cc45c3\"\n\t\t\tdata-datepick-group=\"mphb-search-form-69e34e5cc45c3\"\n\t\t\tvalue=\"\"\n\t\t\tplaceholder=\"Anreisedatum\"\n\t\t\trequired=\"required\"\n\t\t\ttype=\"text\"\n\t\t\tinputmode=\"none\"\n\t\t\tname=\"mphb_check_in_date\"\n\t\t\tclass=\"mphb-datepick\"\n\t\t\tautocomplete=\"off\"\n\t\t\t\/>\n\t<\/p>\n\n\t<p class=\"mphb_sc_search-check-out-date\">\n\t\t<label for=\"mphb_check_out_date-mphb-search-form-69e34e5cc45c3\">\n\t\t\tAbreise\t\t\t<abbr title=\"Formatiert als dd\/mm\/yyyy\">*<\/abbr>\n\t\t<\/label>\n\t\t<br \/>\n\t\t<input\n\t\t\tid=\"mphb_check_out_date-mphb-search-form-69e34e5cc45c3\"\n\t\t\tdata-datepick-group=\"mphb-search-form-69e34e5cc45c3\"\n\t\t\tvalue=\"\"\n\t\t\tplaceholder=\"Abreisedatum\"\n\t\t\trequired=\"required\"\n\t\t\ttype=\"text\"\n\t\t\tinputmode=\"none\"\n\t\t\tname=\"mphb_check_out_date\"\n\t\t\tclass=\"mphb-datepick\"\n\t\t\tautocomplete=\"off\"\n\t\t\t\/>\n\t<\/p>\n\n\t\t\t<p class=\"mphb_sc_search-adults\">\n\t\t\t<label for=\"mphb_adults-mphb-search-form-69e34e5cc45c3\">\n\t\t\t\tErwachsene\t\t\t<\/label>\n\t\t\t<br \/>\n\t\t\t<select id=\"mphb_adults-mphb-search-form-69e34e5cc45c3\" name=\"mphb_adults\" >\n\t\t\t\t\t\t\t\t\t<option value=\"1\"  selected='selected'>1<\/option>\n\t\t\t\t\t\t\t\t\t<option value=\"2\" >2<\/option>\n\t\t\t\t\t\t\t\t\t<option value=\"3\" >3<\/option>\n\t\t\t\t\t\t\t\t\t<option value=\"4\" >4<\/option>\n\t\t\t\t\t\t\t\t\t<option value=\"5\" >5<\/option>\n\t\t\t\t\t\t\t\t\t<option value=\"6\" >6<\/option>\n\t\t\t\t\t\t\t\t\t<option value=\"7\" >7<\/option>\n\t\t\t\t\t\t\t\t\t<option value=\"8\" >8<\/option>\n\t\t\t\t\t\t\t\t\t<option value=\"9\" >9<\/option>\n\t\t\t\t\t\t\t\t\t<option value=\"10\" >10<\/option>\n\t\t\t\t\t\t\t\t\t<option value=\"11\" >11<\/option>\n\t\t\t\t\t\t\t\t\t<option value=\"12\" >12<\/option>\n\t\t\t\t\t\t\t\t\t<option value=\"13\" >13<\/option>\n\t\t\t\t\t\t\t\t\t<option value=\"14\" >14<\/option>\n\t\t\t\t\t\t\t\t\t<option value=\"15\" >15<\/option>\n\t\t\t\t\t\t\t<\/select>\n\t\t<\/p>\n\t\n\t\t\t<p class=\"mphb_sc_search-children\">\n\t\t\t<label for=\"mphb_children-mphb-search-form-69e34e5cc45c3\">\n\t\t\t\tKinder (\u00fcber 2 und unter 12 Jahren)\t\t\t<\/label>\n\t\t\t<br \/>\n\t\t\t<select id=\"mphb_children-mphb-search-form-69e34e5cc45c3\" name=\"mphb_children\">\n\t\t\t\t\t\t\t\t\t<option value=\"0\"  selected='selected'>0<\/option>\n\t\t\t\t\t\t\t\t\t<option value=\"1\" >1<\/option>\n\t\t\t\t\t\t\t\t\t<option value=\"2\" >2<\/option>\n\t\t\t\t\t\t\t\t\t<option value=\"3\" >3<\/option>\n\t\t\t\t\t\t\t\t\t<option value=\"4\" >4<\/option>\n\t\t\t\t\t\t\t\t\t<option value=\"5\" >5<\/option>\n\t\t\t\t\t\t\t\t\t<option value=\"6\" >6<\/option>\n\t\t\t\t\t\t\t\t\t<option value=\"7\" >7<\/option>\n\t\t\t\t\t\t\t\t\t<option value=\"8\" >8<\/option>\n\t\t\t\t\t\t\t\t\t<option value=\"9\" >9<\/option>\n\t\t\t\t\t\t\t<\/select>\n\t\t<\/p>\n\t\n\t\n\t\n\t<input id=\"mphb_check_in_date-mphb-search-form-69e34e5cc45c3-hidden\" value=\"\" type=\"hidden\" name=\"mphb_check_in_date\" \/><input id=\"mphb_check_out_date-mphb-search-form-69e34e5cc45c3-hidden\" value=\"\" type=\"hidden\" name=\"mphb_check_out_date\" \/>\n\t<p class=\"mphb_sc_search-submit-button-wrapper\">\n\t\t<input type=\"submit\" class=\"button\" value=\"Suche\"\/>\n\t<\/p>\n\n\t\n<\/form>\n<\/div><\/li>\n<li id=\"block-11\" class=\"widget widget_block\">\n<h2 class=\"wp-block-heading\">Tags<\/h2>\n<\/li>\n<li id=\"block-12\" class=\"widget widget_block widget_tag_cloud\"><p class=\"wp-block-tag-cloud\"><a href=\"https:\/\/beachhousesmauritius.com\/de\/accommodation-tag\/aktives-strandleben-de\/\" class=\"tag-cloud-link tag-link-295 tag-link-position-1\" style=\"font-size: 8.1pt;\" aria-label=\"Aktives Strandleben (10\u00a0Eintr\u00e4ge)\">Aktives Strandleben<\/a>\n<a href=\"https:\/\/beachhousesmauritius.com\/de\/accommodation-tag\/einkaufsmoglichkeiten-fusslaeufig-de\/\" class=\"tag-cloud-link tag-link-300 tag-link-position-2\" style=\"font-size: 8.1pt;\" aria-label=\"Einkaufsm\u00f6glichkeiten fu\u00dfl\u00e4ufig (13\u00a0Eintr\u00e4ge)\">Einkaufsm\u00f6glichkeiten fu\u00dfl\u00e4ufig<\/a>\n<a href=\"https:\/\/beachhousesmauritius.com\/de\/accommodation-tag\/golfplatz-in-der-naehe-de\/\" class=\"tag-cloud-link tag-link-293 tag-link-position-3\" style=\"font-size: 8.1pt;\" aria-label=\"Golfplatz in der N\u00e4he (10\u00a0Eintr\u00e4ge)\">Golfplatz in der N\u00e4he<\/a>\n<a href=\"https:\/\/beachhousesmauritius.com\/de\/accommodation-tag\/mietwagen-empfohlen-de\/\" class=\"tag-cloud-link tag-link-291 tag-link-position-4\" style=\"font-size: 8.1pt;\" aria-label=\"Mietwagen empfohlen (5\u00a0Eintr\u00e4ge)\">Mietwagen empfohlen<\/a>\n<a href=\"https:\/\/beachhousesmauritius.com\/de\/accommodation-tag\/rollstuhlgerecht-de\/\" class=\"tag-cloud-link tag-link-264 tag-link-position-5\" style=\"font-size: 8.1pt;\" aria-label=\"rollstuhlgerecht (2\u00a0Eintr\u00e4ge)\">rollstuhlgerecht<\/a>\n<a href=\"https:\/\/beachhousesmauritius.com\/de\/accommodation-tag\/ruhig-am-strand-gelegen-de\/\" class=\"tag-cloud-link tag-link-260 tag-link-position-6\" style=\"font-size: 8.1pt;\" aria-label=\"Ruhig am Strand gelegen (8\u00a0Eintr\u00e4ge)\">Ruhig am Strand gelegen<\/a>\n<a href=\"https:\/\/beachhousesmauritius.com\/de\/accommodation-tag\/ruhiger-tropischer-garten-de\/\" class=\"tag-cloud-link tag-link-298 tag-link-position-7\" style=\"font-size: 8.1pt;\" aria-label=\"Ruhiger tropischer Garten (6\u00a0Eintr\u00e4ge)\">Ruhiger tropischer Garten<\/a><\/p><\/li>\n<li id=\"block-13\" class=\"widget widget_block\">\n<h2 class=\"wp-block-heading\">News<\/h2>\n<\/li>\n<li id=\"block-14\" class=\"widget widget_block widget_recent_entries\"><ul class=\"wp-block-latest-posts__list wp-block-latest-posts\"><li><a class=\"wp-block-latest-posts__post-title\" href=\"https:\/\/beachhousesmauritius.com\/de\/5-x-was-man-sehen-muss-in-mauritius\/\">5 x Was man sehen muss in Mauritius<\/a><\/li>\n<li><a class=\"wp-block-latest-posts__post-title\" href=\"https:\/\/beachhousesmauritius.com\/de\/mauritius-entdecken\/\">Mauritius entdecken<\/a><\/li>\n<li><a class=\"wp-block-latest-posts__post-title\" href=\"https:\/\/beachhousesmauritius.com\/de\/planning-a-family-reunion-or-friends-getaway-see-our-perfect-accommodation-pairings\/\">Planning a Family Reunion or Friends Getaway ? See OUR PERFECT ACCOMMODATION PAIRINGS<\/a><\/li>\n<li><a class=\"wp-block-latest-posts__post-title\" href=\"https:\/\/beachhousesmauritius.com\/de\/availability-january-april-2025-2\/\">\ud83c\udfd6\ufe0f M\u00f6chten Sie Mauritius erleben, ohne Ihr Bankkonto leer zu r\u00e4umen? Entdecken Sie unsere Angebote!<\/a><\/li>\n<\/ul><\/li>\n\t\t\t\t<\/div>\n\t\t\t\t<\/div>\n\t\t\t\t\t<\/div>\n\t\t\t\t<\/div>\n\t\t\t\t<\/div>\n\t\t","protected":false},"excerpt":{"rendered":"<p>G\u00c4STE TRATSCH und KLATSCH \ud83d\ude0e G\u00e4ste Bewertungen \u00a0<\/p>\n","protected":false},"author":1,"featured_media":227,"parent":4724,"menu_order":0,"comment_status":"closed","ping_status":"closed","template":"","meta":{"_acf_changed":false,"inline_featured_image":false,"footnotes":""},"class_list":["post-11679","page","type-page","status-publish","has-post-thumbnail","hentry"],"acf":[],"_links":{"self":[{"href":"https:\/\/beachhousesmauritius.com\/de\/wp-json\/wp\/v2\/pages\/11679","targetHints":{"allow":["GET"]}}],"collection":[{"href":"https:\/\/beachhousesmauritius.com\/de\/wp-json\/wp\/v2\/pages"}],"about":[{"href":"https:\/\/beachhousesmauritius.com\/de\/wp-json\/wp\/v2\/types\/page"}],"author":[{"embeddable":true,"href":"https:\/\/beachhousesmauritius.com\/de\/wp-json\/wp\/v2\/users\/1"}],"replies":[{"embeddable":true,"href":"https:\/\/beachhousesmauritius.com\/de\/wp-json\/wp\/v2\/comments?post=11679"}],"version-history":[{"count":7,"href":"https:\/\/beachhousesmauritius.com\/de\/wp-json\/wp\/v2\/pages\/11679\/revisions"}],"predecessor-version":[{"id":204872,"href":"https:\/\/beachhousesmauritius.com\/de\/wp-json\/wp\/v2\/pages\/11679\/revisions\/204872"}],"up":[{"embeddable":true,"href":"https:\/\/beachhousesmauritius.com\/de\/wp-json\/wp\/v2\/pages\/4724"}],"wp:featuredmedia":[{"embeddable":true,"href":"https:\/\/beachhousesmauritius.com\/de\/wp-json\/wp\/v2\/media\/227"}],"wp:attachment":[{"href":"https:\/\/beachhousesmauritius.com\/de\/wp-json\/wp\/v2\/media?parent=11679"}],"curies":[{"name":"wp","href":"https:\/\/api.w.org\/{rel}","templated":true}]}}